{"id":2161,"date":"2022-09-07T08:16:00","date_gmt":"2022-09-07T12:16:00","guid":{"rendered":"https:\/\/highway413.ca\/fr\/?page_id=2161"},"modified":"2026-03-12T14:01:55","modified_gmt":"2026-03-12T18:01:55","slug":"autoroute-413","status":"publish","type":"page","link":"https:\/\/highway413.ca\/fr\/","title":{"rendered":"Accueil"},"content":{"rendered":"\n\n\t<a href=\"https:\/\/highway413.ca\/en\" target=\"_self\" role=\"button\" aria-label=\"English\">\n\t\t\t\t\t\tEnglish\n\t\t\t\t\t<\/a>\n<h2>\n\t\t\tD\u00e9couvrez la conception pr\u00e9liminaire du corridor de transport gr\u00e2ce \u00e0 la carte interactive de l&rsquo;autoroute 413*\t<\/h2>\n\t<p><em>* <\/em>L&rsquo;exactitude de ces cartes s&rsquo;\u00e9tend jusqu&rsquo;au 12 mars 2026\u00a0et repose sur la conception pr\u00e9liminaire refl\u00e9t\u00e9e dans le rapport\u00a0final\u00a0d&rsquo;\u00e9valuation des r\u00e9percussions environnementales, qui a\u00a0\u00e9t\u00e9\u00a0pr\u00e9par\u00e9\u00a0conform\u00e9ment au processus d\u00e9fini dans<em> la Loi sur l&rsquo;autoroute 413<\/em> et\u00a0\u00e0\u00a0la d\u00e9signation de l&rsquo;autoroute en vertu de <em>la Loi sur l&rsquo;am\u00e9nagement des voies publiques et des transports en commun<\/em>.<\/p>\n\t\t\t<a href=\"https:\/\/experience.arcgis.com\/experience\/17ce2ca78f7c49ac82e8a7e6c6780264\/page\/Interactive-Map?draft=true\"  target=\"_blank\" rel=\"noopener\"    rel=\"noopener\">\n\t\t\t\t\t\t\tD\u00e9couvrez la carte interactive de l&rsquo;autoroute 413\n\t\t\t\t\t<\/a>\n\t\t<h2>\n\t\t\tDerni\u00e8res nouvelles\n\t\t<\/h2>\n\t\t<h2>\n\t\t\tL&rsquo;autoroute 413 est une autoroute multimodale traversant les r\u00e9gions de York, de Peel et de Halton.\n\t\t<\/h2>\n<figure itemscope itemtype=\"https:\/\/schema.org\/ImageObject\">\n\t\t\t\t<a href=\"https:\/\/highway413.ca\/fr\/wp-content\/uploads\/2026\/03\/Highway-413-Blue-Map-FR-12-05-2025.jpg\"  target=\"_self\" itemprop=\"url\">\n\t\t\t\t<img decoding=\"async\" src=\"https:\/\/highway413.ca\/fr\/wp-content\/uploads\/2026\/03\/Highway-413-Blue-Map-FR-12-05-2025.jpg\" alt=\"Carte montrant le trac\u00e9 pr\u00e9liminaire de l'autoroute\u202f413 en Ontario, repr\u00e9sent\u00e9 par une ligne bleue reliant l'autoroute\u202f401\/407 pr\u00e8s de Halton Hills, contournant Brampton par le nord, puis traversant Caledon et Vaughan jusqu'\u00e0 l'autoroute\u202f400. Des points bleus indiquent les \u00e9changeurs pr\u00e9vus.\" height=\"1951\" width=\"1920\" title=\"Highway-413-Blue-Map-FR-12-05-2025\" onerror=\"this.style.display='none'\" loading=\"lazy\" \/>\n\t\t\t\t<\/a>\n\t<\/figure>\n\t<p>Le projet comprend le corridor de l&rsquo;autoroute 413 (52 km), un prolongement de 4 km de l&rsquo;autoroute 410 et un prolongement de 3 km de l&rsquo;autoroute 427 (les deux facilitant la connexion au corridor de l&rsquo;autoroute 413), pour un total de 59 km de nouvelles infrastructures.<\/p>\n<p>L&rsquo;autoroute comportera 11 \u00e9changeurs avec des routes municipales. Des caract\u00e9ristiques ont \u00e9t\u00e9 \u00e9tudi\u00e9es dans le cadre de la conception pr\u00e9liminaire, telles que des centres de services, des aires de covoiturage, des stations d&rsquo;inspection de camions et la possibilit\u00e9 de stations de recharge de v\u00e9hicules \u00e9lectriques.<\/p>\n<p>Le corridor de transport en commun sera un corridor distinct r\u00e9serv\u00e9 aux transports en commun, longeant l&rsquo;autoroute, qui fera l&rsquo;objet d&rsquo;une \u00e9valuation environnementale (EE) distincte.<\/p>\n\t\t\n\t\t\t<p>L&rsquo;autoroute 413 ira de l&rsquo;autoroute 400, entre King Road et Kirby Road, jusqu&rsquo;\u00e0 l&rsquo;\u00e9changeur 401\/407 \u00e0 Mississauga, Milton et Halton Hills.<\/p>\t\t\n\n","protected":false},"excerpt":{"rendered":"<p>English D\u00e9couvrez la conception pr\u00e9liminaire du corridor de transport gr\u00e2ce \u00e0 la carte interactive de l&rsquo;autoroute 413* * L&rsquo;exactitude de ces cartes s&rsquo;\u00e9tend jusqu&rsquo;au 12 mars 2026\u00a0et repose sur la conception pr\u00e9liminaire refl\u00e9t\u00e9e dans le rapport\u00a0final\u00a0d&rsquo;\u00e9valuation des r\u00e9percussions environnementales, qui a\u00a0\u00e9t\u00e9\u00a0pr\u00e9par\u00e9\u00a0conform\u00e9ment au processus d\u00e9fini dans la Loi sur l&rsquo;autoroute 413 et\u00a0\u00e0\u00a0la d\u00e9signation de l&rsquo;autoroute en &#8230; <\/p>\n<p class=\"read-more-container\"><a title=\"Accueil\" class=\"read-more button\" href=\"https:\/\/highway413.ca\/fr\/#more-2161\" aria-label=\"Read more about Accueil\">Read more<\/a><\/p>\n","protected":false},"author":9,"featured_media":1284,"parent":0,"menu_order":3,"comment_status":"closed","ping_status":"closed","template":"","meta":{"footnotes":""},"folder":[],"class_list":["post-2161","page","type-page","status-publish","has-post-thumbnail"],"yoast_head":"<!-- This site is optimized with the Yoast SEO plugin v27.4 - https:\/\/yoast.com\/product\/yoast-seo-wordpress\/ -->\n<title>Autoroute\u202f413<\/title>\n<meta name=\"description\" content=\"D\u00e9couvrez le projet de l&#039;autoroute 413 en Ontario, y compris ses objectifs, les avantages et les \u00e9tapes du processus.\" \/>\n<meta name=\"robots\" content=\"index, follow, max-snippet:-1, max-image-preview:large, max-video-preview:-1\" \/>\n<link rel=\"canonical\" href=\"https:\/\/highway413.ca\/fr\/\" \/>\n<meta property=\"og:locale\" content=\"fr_CA\" \/>\n<meta property=\"og:type\" content=\"article\" \/>\n<meta property=\"og:title\" content=\"Autoroute\u202f413\" \/>\n<meta property=\"og:description\" content=\"D\u00e9couvrez le projet de l&#039;autoroute 413 en Ontario, y compris ses objectifs, les avantages et les \u00e9tapes du processus.\" \/>\n<meta property=\"og:url\" content=\"https:\/\/highway413.ca\/fr\/\" \/>\n<meta property=\"og:site_name\" content=\"Autoroute\u202f413\" \/>\n<meta property=\"article:modified_time\" content=\"2026-03-12T18:01:55+00:00\" \/>\n<meta property=\"og:image\" content=\"https:\/\/highway413.ca\/fr\/wp-content\/uploads\/2020\/08\/3d48d522ac72040c0beaa1c40c60403e.jpg\" \/>\n\t<meta property=\"og:image:width\" content=\"700\" \/>\n\t<meta property=\"og:image:height\" content=\"713\" \/>\n\t<meta property=\"og:image:type\" content=\"image\/jpeg\" \/>\n<meta name=\"twitter:card\" content=\"summary_large_image\" \/>\n<meta name=\"twitter:label1\" content=\"Estimation du temps de lecture\" \/>\n\t<meta name=\"twitter:data1\" content=\"3 minutes\" \/>\n<script type=\"application\/ld+json\" class=\"yoast-schema-graph\">{\"@context\":\"https:\\\/\\\/schema.org\",\"@graph\":[{\"@type\":\"WebPage\",\"@id\":\"https:\\\/\\\/highway413.ca\\\/fr\\\/\",\"url\":\"https:\\\/\\\/highway413.ca\\\/fr\\\/\",\"name\":\"Autoroute\u202f413\",\"isPartOf\":{\"@id\":\"https:\\\/\\\/highway413.ca\\\/fr\\\/#website\"},\"primaryImageOfPage\":{\"@id\":\"https:\\\/\\\/highway413.ca\\\/fr\\\/#primaryimage\"},\"image\":{\"@id\":\"https:\\\/\\\/highway413.ca\\\/fr\\\/#primaryimage\"},\"thumbnailUrl\":\"https:\\\/\\\/highway413.ca\\\/fr\\\/wp-content\\\/uploads\\\/2020\\\/08\\\/3d48d522ac72040c0beaa1c40c60403e.jpg\",\"datePublished\":\"2022-09-07T12:16:00+00:00\",\"dateModified\":\"2026-03-12T18:01:55+00:00\",\"description\":\"D\u00e9couvrez le projet de l'autoroute 413 en Ontario, y compris ses objectifs, les avantages et les \u00e9tapes du processus.\",\"breadcrumb\":{\"@id\":\"https:\\\/\\\/highway413.ca\\\/fr\\\/#breadcrumb\"},\"inLanguage\":\"fr-CA\",\"potentialAction\":[{\"@type\":\"ReadAction\",\"target\":[\"https:\\\/\\\/highway413.ca\\\/fr\\\/\"]}]},{\"@type\":\"ImageObject\",\"inLanguage\":\"fr-CA\",\"@id\":\"https:\\\/\\\/highway413.ca\\\/fr\\\/#primaryimage\",\"url\":\"https:\\\/\\\/highway413.ca\\\/fr\\\/wp-content\\\/uploads\\\/2020\\\/08\\\/3d48d522ac72040c0beaa1c40c60403e.jpg\",\"contentUrl\":\"https:\\\/\\\/highway413.ca\\\/fr\\\/wp-content\\\/uploads\\\/2020\\\/08\\\/3d48d522ac72040c0beaa1c40c60403e.jpg\",\"width\":700,\"height\":713,\"caption\":\"Ontario Making Travel Easier Across York, Peel and Halton Regions - Map showing GTA West Route Planning Study Area\"},{\"@type\":\"BreadcrumbList\",\"@id\":\"https:\\\/\\\/highway413.ca\\\/fr\\\/#breadcrumb\",\"itemListElement\":[{\"@type\":\"ListItem\",\"position\":1,\"name\":\"Home\",\"item\":\"https:\\\/\\\/highway413.ca\\\/fr\\\/\"},{\"@type\":\"ListItem\",\"position\":2,\"name\":\"Accueil\"}]},{\"@type\":\"WebSite\",\"@id\":\"https:\\\/\\\/highway413.ca\\\/fr\\\/#website\",\"url\":\"https:\\\/\\\/highway413.ca\\\/fr\\\/\",\"name\":\"Highway 413\",\"description\":\"\",\"publisher\":{\"@id\":\"https:\\\/\\\/highway413.ca\\\/fr\\\/#organization\"},\"potentialAction\":[{\"@type\":\"SearchAction\",\"target\":{\"@type\":\"EntryPoint\",\"urlTemplate\":\"https:\\\/\\\/highway413.ca\\\/fr\\\/?s={search_term_string}\"},\"query-input\":{\"@type\":\"PropertyValueSpecification\",\"valueRequired\":true,\"valueName\":\"search_term_string\"}}],\"inLanguage\":\"fr-CA\"},{\"@type\":\"Organization\",\"@id\":\"https:\\\/\\\/highway413.ca\\\/fr\\\/#organization\",\"name\":\"Highway 413\",\"url\":\"https:\\\/\\\/highway413.ca\\\/fr\\\/\",\"logo\":{\"@type\":\"ImageObject\",\"inLanguage\":\"fr-CA\",\"@id\":\"https:\\\/\\\/highway413.ca\\\/fr\\\/#\\\/schema\\\/logo\\\/image\\\/\",\"url\":\"https:\\\/\\\/highway413.ca\\\/fr\\\/wp-content\\\/uploads\\\/2024\\\/12\\\/cropped-413-fr-logo.png\",\"contentUrl\":\"https:\\\/\\\/highway413.ca\\\/fr\\\/wp-content\\\/uploads\\\/2024\\\/12\\\/cropped-413-fr-logo.png\",\"width\":1276,\"height\":271,\"caption\":\"Highway 413\"},\"image\":{\"@id\":\"https:\\\/\\\/highway413.ca\\\/fr\\\/#\\\/schema\\\/logo\\\/image\\\/\"}}]}<\/script>\n<!-- \/ Yoast SEO plugin. -->","yoast_head_json":{"title":"Autoroute\u202f413","description":"D\u00e9couvrez le projet de l'autoroute 413 en Ontario, y compris ses objectifs, les avantages et les \u00e9tapes du processus.","robots":{"index":"index","follow":"follow","max-snippet":"max-snippet:-1","max-image-preview":"max-image-preview:large","max-video-preview":"max-video-preview:-1"},"canonical":"https:\/\/highway413.ca\/fr\/","og_locale":"fr_CA","og_type":"article","og_title":"Autoroute\u202f413","og_description":"D\u00e9couvrez le projet de l'autoroute 413 en Ontario, y compris ses objectifs, les avantages et les \u00e9tapes du processus.","og_url":"https:\/\/highway413.ca\/fr\/","og_site_name":"Autoroute\u202f413","article_modified_time":"2026-03-12T18:01:55+00:00","og_image":[{"width":700,"height":713,"url":"https:\/\/highway413.ca\/fr\/wp-content\/uploads\/2020\/08\/3d48d522ac72040c0beaa1c40c60403e.jpg","type":"image\/jpeg"}],"twitter_card":"summary_large_image","twitter_misc":{"Estimation du temps de lecture":"3 minutes"},"schema":{"@context":"https:\/\/schema.org","@graph":[{"@type":"WebPage","@id":"https:\/\/highway413.ca\/fr\/","url":"https:\/\/highway413.ca\/fr\/","name":"Autoroute\u202f413","isPartOf":{"@id":"https:\/\/highway413.ca\/fr\/#website"},"primaryImageOfPage":{"@id":"https:\/\/highway413.ca\/fr\/#primaryimage"},"image":{"@id":"https:\/\/highway413.ca\/fr\/#primaryimage"},"thumbnailUrl":"https:\/\/highway413.ca\/fr\/wp-content\/uploads\/2020\/08\/3d48d522ac72040c0beaa1c40c60403e.jpg","datePublished":"2022-09-07T12:16:00+00:00","dateModified":"2026-03-12T18:01:55+00:00","description":"D\u00e9couvrez le projet de l'autoroute 413 en Ontario, y compris ses objectifs, les avantages et les \u00e9tapes du processus.","breadcrumb":{"@id":"https:\/\/highway413.ca\/fr\/#breadcrumb"},"inLanguage":"fr-CA","potentialAction":[{"@type":"ReadAction","target":["https:\/\/highway413.ca\/fr\/"]}]},{"@type":"ImageObject","inLanguage":"fr-CA","@id":"https:\/\/highway413.ca\/fr\/#primaryimage","url":"https:\/\/highway413.ca\/fr\/wp-content\/uploads\/2020\/08\/3d48d522ac72040c0beaa1c40c60403e.jpg","contentUrl":"https:\/\/highway413.ca\/fr\/wp-content\/uploads\/2020\/08\/3d48d522ac72040c0beaa1c40c60403e.jpg","width":700,"height":713,"caption":"Ontario Making Travel Easier Across York, Peel and Halton Regions - Map showing GTA West Route Planning Study Area"},{"@type":"BreadcrumbList","@id":"https:\/\/highway413.ca\/fr\/#breadcrumb","itemListElement":[{"@type":"ListItem","position":1,"name":"Home","item":"https:\/\/highway413.ca\/fr\/"},{"@type":"ListItem","position":2,"name":"Accueil"}]},{"@type":"WebSite","@id":"https:\/\/highway413.ca\/fr\/#website","url":"https:\/\/highway413.ca\/fr\/","name":"Highway 413","description":"","publisher":{"@id":"https:\/\/highway413.ca\/fr\/#organization"},"potentialAction":[{"@type":"SearchAction","target":{"@type":"EntryPoint","urlTemplate":"https:\/\/highway413.ca\/fr\/?s={search_term_string}"},"query-input":{"@type":"PropertyValueSpecification","valueRequired":true,"valueName":"search_term_string"}}],"inLanguage":"fr-CA"},{"@type":"Organization","@id":"https:\/\/highway413.ca\/fr\/#organization","name":"Highway 413","url":"https:\/\/highway413.ca\/fr\/","logo":{"@type":"ImageObject","inLanguage":"fr-CA","@id":"https:\/\/highway413.ca\/fr\/#\/schema\/logo\/image\/","url":"https:\/\/highway413.ca\/fr\/wp-content\/uploads\/2024\/12\/cropped-413-fr-logo.png","contentUrl":"https:\/\/highway413.ca\/fr\/wp-content\/uploads\/2024\/12\/cropped-413-fr-logo.png","width":1276,"height":271,"caption":"Highway 413"},"image":{"@id":"https:\/\/highway413.ca\/fr\/#\/schema\/logo\/image\/"}}]}},"_links":{"self":[{"href":"https:\/\/highway413.ca\/fr\/wp-json\/wp\/v2\/pages\/2161","targetHints":{"allow":["GET"]}}],"collection":[{"href":"https:\/\/highway413.ca\/fr\/wp-json\/wp\/v2\/pages"}],"about":[{"href":"https:\/\/highway413.ca\/fr\/wp-json\/wp\/v2\/types\/page"}],"author":[{"embeddable":true,"href":"https:\/\/highway413.ca\/fr\/wp-json\/wp\/v2\/users\/9"}],"replies":[{"embeddable":true,"href":"https:\/\/highway413.ca\/fr\/wp-json\/wp\/v2\/comments?post=2161"}],"version-history":[{"count":12,"href":"https:\/\/highway413.ca\/fr\/wp-json\/wp\/v2\/pages\/2161\/revisions"}],"predecessor-version":[{"id":5113,"href":"https:\/\/highway413.ca\/fr\/wp-json\/wp\/v2\/pages\/2161\/revisions\/5113"}],"wp:featuredmedia":[{"embeddable":true,"href":"https:\/\/highway413.ca\/fr\/wp-json\/wp\/v2\/media\/1284"}],"wp:attachment":[{"href":"https:\/\/highway413.ca\/fr\/wp-json\/wp\/v2\/media?parent=2161"}],"wp:term":[{"taxonomy":"folder","embeddable":true,"href":"https:\/\/highway413.ca\/fr\/wp-json\/wp\/v2\/folder?post=2161"}],"curies":[{"name":"wp","href":"https:\/\/api.w.org\/{rel}","templated":true}]}}