{"id":2177,"date":"2022-09-07T14:03:30","date_gmt":"2022-09-07T18:03:30","guid":{"rendered":"https:\/\/highway413.ca\/fr\/?page_id=2177"},"modified":"2025-08-25T11:40:18","modified_gmt":"2025-08-25T15:40:18","slug":"nous-joindre","status":"publish","type":"page","link":"https:\/\/highway413.ca\/fr\/nous-joindre\/","title":{"rendered":"Nous joindre"},"content":{"rendered":"\n\n\t<a href=\"https:\/\/highway413.ca\/en\/contact-us\/\" target=\"_self\" role=\"button\" aria-label=\"English\">\n\t\t\t\t\t\tEnglish\n\t\t\t\t\t<\/a>\n\t\t<h1>\n\t\t\tNous joindre\n\t\t<\/h1>\n\t\t\t<p>Votre avis est important !<\/p>\n\t<h2>Votre avis nous int\u00e9resse !<\/h2>\n\t<p>Remplissez le formulaire suivant pour contacter un membre de l&rsquo;\u00e9quipe de projet ou pour vous inscrire \u00e0 notre liste de diffusion. Une fois que vous aurez rempli le formulaire et appuy\u00e9 sur le bouton \u00ab\u00a0Soumettre\u00a0\u00bb, un avis de confirmation s&rsquo;affichera.<\/p>\n<p>Consultez la\u00a0<a id=\"menur2ld\" title=\"https:\/\/highway413.ca\/fr\/consultation\/\" href=\"https:\/\/highway413.ca\/fr\/consultation\/\" target=\"_blank\" rel=\"noreferrer noopener\" aria-label=\"Link page de consultation\"><strong>page de consultation<\/strong><\/a>\u00a0pour conna\u00eetre les r\u00e9unions \u00e0 venir ou faites-nous part de vos commentaires \u00e0 tout moment.<\/p>\n\t\n<div class=\"wpcf7 no-js\" id=\"wpcf7-f3711-o1\" lang=\"en-CA\" dir=\"ltr\" data-wpcf7-id=\"3711\">\n<div class=\"screen-reader-response\"><p role=\"status\" aria-live=\"polite\" aria-atomic=\"true\"><\/p> <ul><\/ul><\/div>\n<form action=\"\/fr\/wp-json\/wp\/v2\/pages\/2177#wpcf7-f3711-o1\" method=\"post\" class=\"wpcf7-form init\" aria-label=\"Contact form\" novalidate=\"novalidate\" data-status=\"init\">\n<fieldset class=\"hidden-fields-container\"><input type=\"hidden\" name=\"_wpcf7\" value=\"3711\" \/><input type=\"hidden\" name=\"_wpcf7_version\" value=\"6.1.5\" \/><input type=\"hidden\" name=\"_wpcf7_locale\" value=\"en_CA\" \/><input type=\"hidden\" name=\"_wpcf7_unit_tag\" value=\"wpcf7-f3711-o1\" \/><input type=\"hidden\" name=\"_wpcf7_container_post\" value=\"0\" \/><input type=\"hidden\" name=\"_wpcf7_posted_data_hash\" value=\"\" \/>\n<\/fieldset>\n<p><label for=\"first-name\">Pr\u00e9nom* <\/label>\n<\/p>\n<p><span class=\"wpcf7-form-control-wrap\" data-name=\"first-name\"><input size=\"40\" maxlength=\"400\" class=\"wpcf7-form-control wpcf7-text wpcf7-validates-as-required\" id=\"first-name\" aria-required=\"true\" aria-invalid=\"false\" value=\"\" type=\"text\" name=\"first-name\" \/><\/span>\n<\/p>\n<p><label for=\"last-name\">Nom de famille* <\/label>\n<\/p>\n<p><span class=\"wpcf7-form-control-wrap\" data-name=\"last-name\"><input size=\"40\" maxlength=\"400\" class=\"wpcf7-form-control wpcf7-text wpcf7-validates-as-required\" id=\"last-name\" aria-required=\"true\" aria-invalid=\"false\" value=\"\" type=\"text\" name=\"last-name\" \/><\/span>\n<\/p>\n<p><label for=\"your-email\">Courriel* <\/label>\n<\/p>\n<p><span class=\"wpcf7-form-control-wrap\" data-name=\"your-email\"><input size=\"40\" maxlength=\"400\" class=\"wpcf7-form-control wpcf7-email wpcf7-validates-as-required wpcf7-text wpcf7-validates-as-email\" id=\"your-email\" aria-required=\"true\" aria-invalid=\"false\" value=\"\" type=\"email\" name=\"your-email\" \/><\/span>\n<\/p>\n<p><label for=\"Telephone\">Num\u00e9ro de t\u00e9l\u00e9phone <\/label>\n<\/p>\n<p><span class=\"wpcf7-form-control-wrap\" data-name=\"Telephone\"><input size=\"40\" maxlength=\"400\" class=\"wpcf7-form-control wpcf7-tel wpcf7-text wpcf7-validates-as-tel\" aria-invalid=\"false\" value=\"\" type=\"tel\" name=\"Telephone\" \/><\/span>\n<\/p>\n<p><label for=\"your-subject\">Sujet*<\/label>\n<\/p>\n<p><span class=\"wpcf7-form-control-wrap\" data-name=\"your-subject\"><input size=\"40\" maxlength=\"400\" class=\"wpcf7-form-control wpcf7-text wpcf7-validates-as-required\" id=\"your-subject\" aria-required=\"true\" aria-invalid=\"false\" value=\"\" type=\"text\" name=\"your-subject\" \/><\/span>\n<\/p>\n<p><label for=\"your-message\">Votre Message* <\/label>\n<\/p>\n<p><span class=\"wpcf7-form-control-wrap\" data-name=\"your-message\"><textarea cols=\"40\" rows=\"10\" maxlength=\"2000\" class=\"wpcf7-form-control wpcf7-textarea wpcf7-validates-as-required\" id=\"your-message\" aria-required=\"true\" aria-invalid=\"false\" name=\"your-message\"><\/textarea><\/span>\n<\/p>\n<p><label for=\"Correspond\">Votre m\u00e9thode de contact pr\u00e9f\u00e9r\u00e9e*<\/label>\n<\/p>\n<p><span class=\"wpcf7-form-control-wrap\" data-name=\"mail-pref\"><span class=\"wpcf7-form-control wpcf7-radio\"><span class=\"wpcf7-list-item first\"><input type=\"radio\" name=\"mail-pref\" value=\"Courriel\" \/><span class=\"wpcf7-list-item-label\">Courriel<\/span><\/span><span class=\"wpcf7-list-item last\"><input type=\"radio\" name=\"mail-pref\" value=\"Par la poste\" \/><span class=\"wpcf7-list-item-label\">Par la poste<\/span><\/span><\/span><\/span>\n<\/p>\n<fieldset>\n\t<legend>Votre adresse\n\t<\/legend>\n\t<p><label for=\"address\">Adresse (premi\u00e8re ligne)<\/label>\n\t<\/p>\n\t<p><span class=\"wpcf7-form-control-wrap\" data-name=\"address\"><input size=\"40\" maxlength=\"400\" class=\"wpcf7-form-control wpcf7-text\" id=\"address\" aria-invalid=\"false\" value=\"\" type=\"text\" name=\"address\" \/><\/span>\n\t<\/p>\n\t<p><label for=\"address2\">Adresse (deuxi\u00e8me ligne)<\/label>\n\t<\/p>\n\t<p><span class=\"wpcf7-form-control-wrap\" data-name=\"address2\"><input size=\"40\" maxlength=\"400\" class=\"wpcf7-form-control wpcf7-text\" id=\"address2\" aria-invalid=\"false\" value=\"\" type=\"text\" name=\"address2\" \/><\/span>\n\t<\/p>\n\t<p><label for=\"city\">Ville<\/label>\n\t<\/p>\n\t<p><span class=\"wpcf7-form-control-wrap\" data-name=\"city\"><input size=\"40\" maxlength=\"400\" class=\"wpcf7-form-control wpcf7-text\" id=\"city\" aria-invalid=\"false\" value=\"\" type=\"text\" name=\"city\" \/><\/span>\n\t<\/p>\n\t<p><label for=\"state\">Province<\/label>\n\t<\/p>\n\t<p><span class=\"wpcf7-form-control-wrap\" data-name=\"state\"><input size=\"40\" maxlength=\"400\" class=\"wpcf7-form-control wpcf7-text\" id=\"state\" aria-invalid=\"false\" value=\"\" type=\"text\" name=\"state\" \/><\/span>\n\t<\/p>\n\t<p><label for=\"postal\">Code postal<\/label>\n\t<\/p>\n\t<p><span class=\"wpcf7-form-control-wrap\" data-name=\"postal\"><input size=\"40\" maxlength=\"400\" class=\"wpcf7-form-control wpcf7-text\" id=\"postal\" aria-invalid=\"false\" value=\"\" type=\"text\" name=\"postal\" \/><\/span>\n\t<\/p>\n\t<p><label for=\"country\">Pays<\/label>\n\t<\/p>\n\t<p><span class=\"wpcf7-form-control-wrap\" data-name=\"country\"><input size=\"40\" maxlength=\"400\" class=\"wpcf7-form-control wpcf7-text\" id=\"country\" aria-invalid=\"false\" value=\"\" type=\"text\" name=\"country\" \/><\/span>\n\t<\/p>\n<\/fieldset>\n<p><label for=\"Mailinglist\">Souhaitez-vous \u00eatre ajout\u00e9 \u00e0 notre liste de diffusion ? *<\/label>\n<\/p>\n<p><span class=\"wpcf7-form-control-wrap\" data-name=\"mail-pref1\"><span class=\"wpcf7-form-control wpcf7-radio\"><span class=\"wpcf7-list-item first\"><input type=\"radio\" name=\"mail-pref1\" value=\"Oui, veuillez m&#039;ajouter \u00e0 la liste de diffusion.\" \/><span class=\"wpcf7-list-item-label\">Oui, veuillez m&#039;ajouter \u00e0 la liste de diffusion.<\/span><\/span><span class=\"wpcf7-list-item last\"><input type=\"radio\" name=\"mail-pref1\" value=\"Non, ne m&#039;ajoutez pas \u00e0 la liste de diffusion.\" \/><span class=\"wpcf7-list-item-label\">Non, ne m&#039;ajoutez pas \u00e0 la liste de diffusion.<\/span><\/span><\/span><\/span>\n<\/p>\n<p><input class=\"wpcf7-form-control wpcf7-submit has-spinner\" type=\"submit\" value=\"Soumettre\" \/>\n<\/p><input type='hidden' class='wpcf7-pum' value='{\"closepopup\":false,\"closedelay\":0,\"openpopup\":false,\"openpopup_id\":0}' \/><div class=\"wpcf7-response-output\" aria-hidden=\"true\"><\/div>\n<\/form>\n<\/div>\n\n\t<p>Les commentaires sur l&rsquo;\u00e9tude sont les bienvenus et seront recueillis pour aider l&rsquo;\u00e9quipe de projet l&rsquo;autoroute 413. Ces \u00e9l\u00e9ments seront conserv\u00e9s afin d&rsquo;\u00eatre utilis\u00e9s tout au long du projet et pourront \u00eatre inclus dans la documentation du projet afin de r\u00e9pondre aux exigences de la Loi sur les \u00e9valuations environnementales de l&rsquo;Ontario. L&rsquo;information recueillie sera utilis\u00e9e conform\u00e9ment \u00e0 la Loi sur l&rsquo;acc\u00e8s \u00e0 l&rsquo;information et la protection de la vie priv\u00e9e et \u00e0 la Loi sur l&rsquo;acc\u00e8s \u00e0 l&rsquo;information. Tous les commentaires, \u00e0 l&rsquo;exception des renseignements personnels, feront partie du dossier public.<\/p>\n\t<h2>N&rsquo;h\u00e9sitez pas \u00e0 nous contacter si vous avez des questions.<\/h2>\n\t<h3>M\u00e9dias<\/h3>\n<p>Pour toute question relative aux m\u00e9dias, veuillez contacter <a href=\"mailto:mto.media@ontario.ca\">mto.media@ontario.ca<\/a>.<\/p>\n\t<h3>Nous contacter<\/h3>\nEnvoyez-nous un courriel \u00e0 l&rsquo;adresse : <a href=\"mailto:project_team@highway413.ca\">project_team@highway413.ca<\/a><br \/>\nAppelez-nous au : 1-877-522-6916\n\n","protected":false},"excerpt":{"rendered":"<p>English Nous joindre Votre avis est important ! Votre avis nous int\u00e9resse ! Remplissez le formulaire suivant pour contacter un membre de l&rsquo;\u00e9quipe de projet ou pour vous inscrire \u00e0 notre liste de diffusion. Une fois que vous aurez rempli le formulaire et appuy\u00e9 sur le bouton \u00ab\u00a0Soumettre\u00a0\u00bb, un avis de confirmation s&rsquo;affichera. Consultez la\u00a0page &#8230; <\/p>\n<p class=\"read-more-container\"><a title=\"Nous joindre\" class=\"read-more button\" href=\"https:\/\/highway413.ca\/fr\/nous-joindre\/#more-2177\" aria-label=\"Read more about Nous joindre\">Read more<\/a><\/p>\n","protected":false},"author":9,"featured_media":0,"parent":0,"menu_order":36,"comment_status":"closed","ping_status":"closed","template":"","meta":{"footnotes":""},"folder":[],"class_list":["post-2177","page","type-page","status-publish"],"yoast_head":"<!-- This site is optimized with the Yoast SEO plugin v27.4 - https:\/\/yoast.com\/product\/yoast-seo-wordpress\/ -->\n<title>Autoroute\u202f413 - Nous joindre<\/title>\n<meta name=\"description\" content=\"Contactez l&#039;\u00e9quipe du projet de l&#039;autoroute 413 pour poser vos questions ou obtenir plus d&#039;informations sur le projet.\" \/>\n<meta name=\"robots\" content=\"index, follow, max-snippet:-1, max-image-preview:large, max-video-preview:-1\" \/>\n<link rel=\"canonical\" href=\"https:\/\/highway413.ca\/fr\/nous-joindre\/\" \/>\n<meta property=\"og:locale\" content=\"fr_CA\" \/>\n<meta property=\"og:type\" content=\"article\" \/>\n<meta property=\"og:title\" content=\"Autoroute\u202f413 - Nous joindre\" \/>\n<meta property=\"og:description\" content=\"Contactez l&#039;\u00e9quipe du projet de l&#039;autoroute 413 pour poser vos questions ou obtenir plus d&#039;informations sur le projet.\" \/>\n<meta property=\"og:url\" content=\"https:\/\/highway413.ca\/fr\/nous-joindre\/\" \/>\n<meta property=\"og:site_name\" content=\"Autoroute\u202f413\" \/>\n<meta property=\"article:modified_time\" content=\"2025-08-25T15:40:18+00:00\" \/>\n<meta name=\"twitter:card\" content=\"summary_large_image\" \/>\n<meta name=\"twitter:label1\" content=\"Estimation du temps de lecture\" \/>\n\t<meta name=\"twitter:data1\" content=\"2 minutes\" \/>\n<script type=\"application\/ld+json\" class=\"yoast-schema-graph\">{\"@context\":\"https:\\\/\\\/schema.org\",\"@graph\":[{\"@type\":\"WebPage\",\"@id\":\"https:\\\/\\\/highway413.ca\\\/fr\\\/nous-joindre\\\/\",\"url\":\"https:\\\/\\\/highway413.ca\\\/fr\\\/nous-joindre\\\/\",\"name\":\"Autoroute\u202f413 - Nous joindre\",\"isPartOf\":{\"@id\":\"https:\\\/\\\/highway413.ca\\\/fr\\\/#website\"},\"datePublished\":\"2022-09-07T18:03:30+00:00\",\"dateModified\":\"2025-08-25T15:40:18+00:00\",\"description\":\"Contactez l'\u00e9quipe du projet de l'autoroute 413 pour poser vos questions ou obtenir plus d'informations sur le projet.\",\"breadcrumb\":{\"@id\":\"https:\\\/\\\/highway413.ca\\\/fr\\\/nous-joindre\\\/#breadcrumb\"},\"inLanguage\":\"fr-CA\",\"potentialAction\":[{\"@type\":\"ReadAction\",\"target\":[\"https:\\\/\\\/highway413.ca\\\/fr\\\/nous-joindre\\\/\"]}]},{\"@type\":\"BreadcrumbList\",\"@id\":\"https:\\\/\\\/highway413.ca\\\/fr\\\/nous-joindre\\\/#breadcrumb\",\"itemListElement\":[{\"@type\":\"ListItem\",\"position\":1,\"name\":\"Home\",\"item\":\"https:\\\/\\\/highway413.ca\\\/fr\\\/\"},{\"@type\":\"ListItem\",\"position\":2,\"name\":\"Nous joindre\"}]},{\"@type\":\"WebSite\",\"@id\":\"https:\\\/\\\/highway413.ca\\\/fr\\\/#website\",\"url\":\"https:\\\/\\\/highway413.ca\\\/fr\\\/\",\"name\":\"Highway 413\",\"description\":\"\",\"publisher\":{\"@id\":\"https:\\\/\\\/highway413.ca\\\/fr\\\/#organization\"},\"potentialAction\":[{\"@type\":\"SearchAction\",\"target\":{\"@type\":\"EntryPoint\",\"urlTemplate\":\"https:\\\/\\\/highway413.ca\\\/fr\\\/?s={search_term_string}\"},\"query-input\":{\"@type\":\"PropertyValueSpecification\",\"valueRequired\":true,\"valueName\":\"search_term_string\"}}],\"inLanguage\":\"fr-CA\"},{\"@type\":\"Organization\",\"@id\":\"https:\\\/\\\/highway413.ca\\\/fr\\\/#organization\",\"name\":\"Highway 413\",\"url\":\"https:\\\/\\\/highway413.ca\\\/fr\\\/\",\"logo\":{\"@type\":\"ImageObject\",\"inLanguage\":\"fr-CA\",\"@id\":\"https:\\\/\\\/highway413.ca\\\/fr\\\/#\\\/schema\\\/logo\\\/image\\\/\",\"url\":\"https:\\\/\\\/highway413.ca\\\/fr\\\/wp-content\\\/uploads\\\/2024\\\/12\\\/cropped-413-fr-logo.png\",\"contentUrl\":\"https:\\\/\\\/highway413.ca\\\/fr\\\/wp-content\\\/uploads\\\/2024\\\/12\\\/cropped-413-fr-logo.png\",\"width\":1276,\"height\":271,\"caption\":\"Highway 413\"},\"image\":{\"@id\":\"https:\\\/\\\/highway413.ca\\\/fr\\\/#\\\/schema\\\/logo\\\/image\\\/\"}}]}<\/script>\n<!-- \/ Yoast SEO plugin. -->","yoast_head_json":{"title":"Autoroute\u202f413 - Nous joindre","description":"Contactez l'\u00e9quipe du projet de l'autoroute 413 pour poser vos questions ou obtenir plus d'informations sur le projet.","robots":{"index":"index","follow":"follow","max-snippet":"max-snippet:-1","max-image-preview":"max-image-preview:large","max-video-preview":"max-video-preview:-1"},"canonical":"https:\/\/highway413.ca\/fr\/nous-joindre\/","og_locale":"fr_CA","og_type":"article","og_title":"Autoroute\u202f413 - Nous joindre","og_description":"Contactez l'\u00e9quipe du projet de l'autoroute 413 pour poser vos questions ou obtenir plus d'informations sur le projet.","og_url":"https:\/\/highway413.ca\/fr\/nous-joindre\/","og_site_name":"Autoroute\u202f413","article_modified_time":"2025-08-25T15:40:18+00:00","twitter_card":"summary_large_image","twitter_misc":{"Estimation du temps de lecture":"2 minutes"},"schema":{"@context":"https:\/\/schema.org","@graph":[{"@type":"WebPage","@id":"https:\/\/highway413.ca\/fr\/nous-joindre\/","url":"https:\/\/highway413.ca\/fr\/nous-joindre\/","name":"Autoroute\u202f413 - Nous joindre","isPartOf":{"@id":"https:\/\/highway413.ca\/fr\/#website"},"datePublished":"2022-09-07T18:03:30+00:00","dateModified":"2025-08-25T15:40:18+00:00","description":"Contactez l'\u00e9quipe du projet de l'autoroute 413 pour poser vos questions ou obtenir plus d'informations sur le projet.","breadcrumb":{"@id":"https:\/\/highway413.ca\/fr\/nous-joindre\/#breadcrumb"},"inLanguage":"fr-CA","potentialAction":[{"@type":"ReadAction","target":["https:\/\/highway413.ca\/fr\/nous-joindre\/"]}]},{"@type":"BreadcrumbList","@id":"https:\/\/highway413.ca\/fr\/nous-joindre\/#breadcrumb","itemListElement":[{"@type":"ListItem","position":1,"name":"Home","item":"https:\/\/highway413.ca\/fr\/"},{"@type":"ListItem","position":2,"name":"Nous joindre"}]},{"@type":"WebSite","@id":"https:\/\/highway413.ca\/fr\/#website","url":"https:\/\/highway413.ca\/fr\/","name":"Highway 413","description":"","publisher":{"@id":"https:\/\/highway413.ca\/fr\/#organization"},"potentialAction":[{"@type":"SearchAction","target":{"@type":"EntryPoint","urlTemplate":"https:\/\/highway413.ca\/fr\/?s={search_term_string}"},"query-input":{"@type":"PropertyValueSpecification","valueRequired":true,"valueName":"search_term_string"}}],"inLanguage":"fr-CA"},{"@type":"Organization","@id":"https:\/\/highway413.ca\/fr\/#organization","name":"Highway 413","url":"https:\/\/highway413.ca\/fr\/","logo":{"@type":"ImageObject","inLanguage":"fr-CA","@id":"https:\/\/highway413.ca\/fr\/#\/schema\/logo\/image\/","url":"https:\/\/highway413.ca\/fr\/wp-content\/uploads\/2024\/12\/cropped-413-fr-logo.png","contentUrl":"https:\/\/highway413.ca\/fr\/wp-content\/uploads\/2024\/12\/cropped-413-fr-logo.png","width":1276,"height":271,"caption":"Highway 413"},"image":{"@id":"https:\/\/highway413.ca\/fr\/#\/schema\/logo\/image\/"}}]}},"_links":{"self":[{"href":"https:\/\/highway413.ca\/fr\/wp-json\/wp\/v2\/pages\/2177","targetHints":{"allow":["GET"]}}],"collection":[{"href":"https:\/\/highway413.ca\/fr\/wp-json\/wp\/v2\/pages"}],"about":[{"href":"https:\/\/highway413.ca\/fr\/wp-json\/wp\/v2\/types\/page"}],"author":[{"embeddable":true,"href":"https:\/\/highway413.ca\/fr\/wp-json\/wp\/v2\/users\/9"}],"replies":[{"embeddable":true,"href":"https:\/\/highway413.ca\/fr\/wp-json\/wp\/v2\/comments?post=2177"}],"version-history":[{"count":51,"href":"https:\/\/highway413.ca\/fr\/wp-json\/wp\/v2\/pages\/2177\/revisions"}],"predecessor-version":[{"id":4812,"href":"https:\/\/highway413.ca\/fr\/wp-json\/wp\/v2\/pages\/2177\/revisions\/4812"}],"wp:attachment":[{"href":"https:\/\/highway413.ca\/fr\/wp-json\/wp\/v2\/media?parent=2177"}],"wp:term":[{"taxonomy":"folder","embeddable":true,"href":"https:\/\/highway413.ca\/fr\/wp-json\/wp\/v2\/folder?post=2177"}],"curies":[{"name":"wp","href":"https:\/\/api.w.org\/{rel}","templated":true}]}}