{"id":4672,"date":"2025-01-17T13:44:49","date_gmt":"2025-01-17T18:44:49","guid":{"rendered":"https:\/\/highway413.ca\/fr\/?page_id=4672"},"modified":"2025-08-27T15:07:37","modified_gmt":"2025-08-27T19:07:37","slug":"avantages-du-projet","status":"publish","type":"page","link":"https:\/\/highway413.ca\/fr\/avantages-du-projet\/","title":{"rendered":"Avantages du projet"},"content":{"rendered":"\n\n\t<a href=\"https:\/\/highway413.ca\/en\/project-benefits\/\" target=\"_self\" role=\"button\" aria-label=\"English\">\n\t\t\t\t\t\tEnglish\n\t\t\t\t\t<\/a>\n\t\t<h1>\n\t\t\tAvantages du projet\n\t\t<\/h1>\n\t<p>L&rsquo;autoroute 413 fait partie du plan de l&rsquo;Ontario visant l&rsquo;expansion du r\u00e9seau d&rsquo;autoroutes et de transport en commun dans la r\u00e9gion \u00e9largie du Golden Horseshoe, dans le but de lutter contre la congestion, de cr\u00e9er des emplois et de se pr\u00e9parer \u00e0 la croissance d\u00e9mographique massive attendue au cours des 30 prochaines ann\u00e9es.<\/p>\n\t\t\t\tLutte contre la congestion\n\t\t\t\t<p>La r\u00e9gion \u00e9largie du Golden Horseshoe est l&rsquo;une des r\u00e9gions connaissant\u00a0<a role=\"link\" href=\"https:\/\/www.ontario.ca\/fr\/document\/en-plein-essor-plan-de-croissance-de-la-region-elargie-du-golden-horseshoe\"><strong>la croissance la plus rapide en Am\u00e9rique du Nord<\/strong><\/a>. Elle devrait attirer 1 million de nouveaux habitants tous les 5 ans et ainsi atteindre les 15 millions d&rsquo;ici 2051. Il s&rsquo;agit d&rsquo;une augmentation de la population de plus de 50 pour cent comparativement \u00e0 aujourd&rsquo;hui. Comme cette r\u00e9gion constitue le principal moteur \u00e9conomique du Canada, le nombre de camions circulant sur les routes devrait doubler d&rsquo;ici 2051.<\/p>\n<p>Dans la r\u00e9gion du Grand Toronto, la congestion co\u00fbte d\u00e9j\u00e0 11 milliards de dollars par ann\u00e9e en perte de productivit\u00e9, augmente au prix des marchandises en plus de cr\u00e9er des \u00e9missions de carbone. L&rsquo;Ontario doit construire de nouvelles infrastructures pour faciliter le d\u00e9placement des personnes et des marchandises, faute de quoi la r\u00e9gion deviendra rapidement d\u00e9bord\u00e9e.<\/p>\n<p>Une nouvelle autoroute de la s\u00e9rie 400 et sa rue pi\u00e9tons-autobus connexe r\u00e9duiraient significativement les temps de trajet pour les automobilistes des r\u00e9gions de York, de Peel et de Halton. Les projections indiquent que d&rsquo;ici 2031, plus de 300 000 trajets seront effectu\u00e9s sur l&rsquo;autoroute chaque jour.\u00a0<strong>Une personne se d\u00e9pla\u00e7ant sur toute la distance de l&rsquo;autoroute gagnerait 30 minutes comparativement au temps de trajet sur les autoroutes 401 et 400.<\/strong><\/p>\n<p>La rue pi\u00e9tons-autobus ferait du transport en commun une option r\u00e9aliste et attrayante dans bien des communaut\u00e9s qui ne sont actuellement pas desservies. Conjointement aux autres investissements de l&rsquo;Ontario dans le transport en commun comme le\u00a0<strong><a role=\"link\" href=\"https:\/\/www.ontario.ca\/fr\/page\/expansion-des-transports-en-commun-dans-la-region-du-grand-toronto\">plan d&rsquo;expansion de m\u00e9tro,<\/a>\u00a0<a role=\"link\" href=\"http:\/\/www.metrolinx.com\/fr\/greaterregion\/projects\/go-expansion.aspx\">l&rsquo;expansion de GO<\/a><\/strong>\u00a0et le\u00a0<a role=\"link\" href=\"http:\/\/www.metrolinx.com\/fr\/greaterregion\/projects\/hurontario-lrt.aspx\"><strong>TLR Hazel McCallion<\/strong><\/a>, cette infrastructure offrirait \u00e0 des milliers de personnes la possibilit\u00e9 de laisser la voiture \u00e0 la maison.<\/p>\n\t\t\t\tRetomb\u00e9es \u00e9conomiques\n\t\t\t\t<p>Construire des infrastructures est un<a role=\"link\" href=\"https:\/\/www.ontario.ca\/fr\/document\/reconstruire-lontario-un-plan-dinfrastructure-pour-la-population\"><strong>\u00a0\u00e9l\u00e9ment crucial du plan \u00e9conomique \u00e0 long terme de l&rsquo;Ontario<\/strong><\/a>. L&rsquo;autoroute 413 devrait g\u00e9n\u00e9rer jusqu&rsquo;\u00e0 <strong>1 milliard de dollars<\/strong> de PIB r\u00e9el par an pendant sa construction.<\/p>\n<p>Cela contribuera \u00e9galement \u00e0 cr\u00e9er des opportunit\u00e9s dans les m\u00e9tiers sp\u00e9cialis\u00e9s. \u00c0 elle seule, l&rsquo;autoroute 413 devrait soutenir en moyenne jusqu&rsquo;\u00e0 6 000 emplois chaque ann\u00e9e pendant sa construction.<\/p>\n<p>De plus, l&rsquo;autoroute et la rue pi\u00e9tons-autobus permettraient de relier les gens aux p\u00f4les d&#8217;emplois majeurs et d&rsquo;attirer plus d&rsquo;entreprises dans la r\u00e9gion, cr\u00e9ant et maintenant ainsi des emplois \u00e0 l&rsquo;\u00e9chelle locale.<\/p>\n\t\t\t\tCon\u00e7u pour l&rsquo;avenir\n\t\t\t\t<p>Un nouveau corridor autoroutier et de transport en commun aiderait l&rsquo;Ontario \u00e0 promouvoir et \u00e0 adopter des technologies d&rsquo;avant-garde. Par exemple, l&rsquo;autoroute pourrait int\u00e9grer dans sa conception des zones d\u00e9sign\u00e9es pour des bornes de recharge de v\u00e9hicules \u00e9lectriques, dans le but d&rsquo;inciter la population \u00e0 choisir des modes de transport plus propres.<\/p>\n<p>Le corridor pourrait aussi \u00eatre construit de mani\u00e8re \u00e0 assurer la communication entre les v\u00e9hicules et les infrastructures, une technologie essentielle pour accueillir la prochaine g\u00e9n\u00e9ration de v\u00e9hicules automatis\u00e9s. Stimuler l&rsquo;innovation et cr\u00e9er un climat d&rsquo;affaires concurrentiel constituent des \u00e9l\u00e9ments centraux du\u00a0<a role=\"link\" href=\"https:\/\/www.ontario.ca\/fr\/page\/piloter-la-prosperite-lavenir-du-secteur-de-lautomobile-de-lontario\"><strong>plan de l&rsquo;Ontario pour l&rsquo;avenir du secteur de l&rsquo;automobile<\/strong><\/a>. L&rsquo;industrie des v\u00e9hicules connect\u00e9s et autonomes est un march\u00e9 mondial dont la valeur devrait atteindre plus de 1,3 billion de dollars d&rsquo;ici 2035. Positionner notre province comme un chef de file de cette industrie permettra au secteur de l&rsquo;automobile de poursuivre sa croissance, de prosp\u00e9rer et d&rsquo;investir directement ici, en Ontario.<\/p>\n\t\t\t\t<img decoding=\"async\" src=\"https:\/\/highway413.ca\/fr\/wp-content\/uploads\/2021\/03\/pexels-stas-knop-1537268-scaled.jpg\" alt=\"Gros plan d'une horloge analogique avec un cadran blanc, des chiffres noirs, des aiguilles noires pour les heures et les minutes, et une trotteuse rouge. L'heure affich\u00e9e est environ 2 h 10.\" itemprop=\"image\" height=\"1707\" width=\"2560\" title=\"pexels-stas-knop-1537268\" onerror=\"this.style.display='none'\" loading=\"lazy\" \/>\n\t\t<h2>\n\t\t\t30 secondes ou 30 minutes ?\n\t\t<\/h2>\n\t\t\t<h3>D\u00e9couvrez combien de temps l<strong>&lsquo;autoroute 413 <\/strong> vous fera gagner.<\/h3><blockquote><p>L&rsquo;autoroute 413 ne fera gagner que 30 secondes aux gens. \u00bb Vous avez peut-\u00eatre entendu ce chiffre souvent cit\u00e9 ces derniers temps.<\/p><\/blockquote>\t\t\n\t<p>En fait, l&rsquo;autoroute 413 ferait gagner jusqu&rsquo;\u00e0 30 minutes dans chaque sens aux personnes qui l&rsquo;utilisent.<\/p>\n<p>Le chiffre de 30 secondes provient d&rsquo;une \u00e9tude r\u00e9alis\u00e9e en 2017 qui portait sur les gains de temps moyens dans l&rsquo;ensemble de la r\u00e9gion \u00e9largie du Golden Horseshoe (REGH). Cela comprend tous les d\u00e9placements sur toutes les routes de toutes les r\u00e9gions &#8211; y compris les endroits qui ne se trouvent nulle part pr\u00e8s du corridor autoroutier et de transport en commun propos\u00e9 pour l&rsquo;autoroute 413. Ainsi, un voyage d&rsquo;Oshawa \u00e0 Whitby, par exemple, ou de Niagara \u00e0 St. Catharines serait inclus dans cette moyenne.<\/p>\n<p>Bien s\u00fbr, une fois qu&rsquo;elle sera construite, la plupart des habitants de la REGH n&rsquo;utiliseront pas l&rsquo;autoroute 413. Tout comme la plupart des gens aujourd&rsquo;hui n&rsquo;utilisent pas l&rsquo;autoroute 401, ou l&rsquo;autoroute 427, ou l&rsquo;autoroute Don Valley. Des milliers le font, mais la plupart d&rsquo;entre nous ne le font pas.<\/p>\n<p>Alors, l&rsquo;autoroute 413 fera-t-il une diff\u00e9rence significative pour quelqu&rsquo;un qui voyage de Hamilton \u00e0 Niagara Falls\u2009? Bien s\u00fbr que non. Mais pour les personnes qui vivent, travaillent ou voyagent dans la partie ouest de la RGT, l&rsquo;impact serait \u00e9norme. Les personnes qui parcourent toute la longueur de l&rsquo;autoroute &#8211; de Vaughan \u00e0 Milton &#8211; gagneraient jusqu&rsquo;\u00e0 30 minutes dans chaque sens. C&rsquo;est un temps qui change la vie. C&rsquo;est la diff\u00e9rence entre appeler \u00e0 la maison pour dire bonne nuit et border soi-m\u00eame ses enfants dans leur lit.<\/p>\n\t<p>Mais un projet qui co\u00fbte des milliards ne devrait-il pas profiter \u00e0 tout le monde ? Il le devrait et il le fera, bien que les avantages puissent varier. L&rsquo;autoroute 413 aurait d&rsquo;\u00e9normes avantages \u00e9conomiques pour l&rsquo;Ontario, mais tout le monde ne profitera pas directement des gains de temps.<\/p>\n<p>Imaginez une r\u00e9gion qui a d\u00e9sesp\u00e9r\u00e9ment besoin d&rsquo;un nouvel h\u00f4pital. La construction d&rsquo;un nouvel h\u00f4pital permettrait \u00e0 des milliers de personnes d&rsquo;avoir acc\u00e8s \u00e0 des soins de sant\u00e9 dans leur communaut\u00e9. Imaginez maintenant que nous examinions les temps d&rsquo;attente de tous les autres h\u00f4pitaux de la r\u00e9gion et que nous d\u00e9couvrions qu&rsquo;ils ne seraient r\u00e9duits que de 30\u00a0secondes en moyenne. Construirions-nous quand m\u00eame l&rsquo;h\u00f4pital ? Bien s\u00fbr que oui, car les personnes qui vivent \u00e0 proximit\u00e9 en ont besoin.<\/p>\n\t\t\t\t<a href=\"https:\/\/highway413.ca\/fr\/wp-content\/uploads\/2021\/03\/GGH-30-seconds-faster-map-v2-FR.jpg\"  target=\"_self\" itemprop=\"url\">\n\t\t\t\t<img decoding=\"async\" src=\"https:\/\/highway413.ca\/fr\/wp-content\/uploads\/2021\/03\/GGH-30-seconds-faster-map-v2-FR.jpg\" alt=\"Carte simplifi\u00e9e montrant les r\u00e9gions de Peel, Halton et York. Une ligne pointill\u00e9e relie Halton \u00e0 York en passant par Peel. Le texte indique : \u00ab Jusqu'\u00e0 30 minutes de moins \u00e0 chaque trajet \u00bb.\" itemprop=\"image\" height=\"720\" width=\"1280\" title=\"GGH-30-seconds-faster-map-v2-FR\" onerror=\"this.style.display='none'\" loading=\"lazy\" \/>\n\t\t\t\t<\/a>\n\t\tPour les personnes qui se rendent dans les r\u00e9gions de York, Peel et Halton ou qui les traversent, L&rsquo;Autoroute 413 permettrait de gagner jusqu&rsquo;\u00e0 30 minutes dans chaque sens aux heures de pointe. \n\t<p>C&rsquo;est le m\u00eame principe. Si nous nous basions sur les gains de temps r\u00e9gionaux moyens pour d\u00e9cider de la construction de projets d&rsquo;autoroutes et de transports en commun, nous n&rsquo;en construirions jamais aucun. La 404, la QEW, votre ligne GO &#8211; choisissez n&rsquo;importe quelle autoroute ou ligne de transport en commun que vous empruntez r\u00e9guli\u00e8rement. Imaginez maintenant qu&rsquo;elle n&rsquo;existe pas. \u00c0 quoi ressemblerait votre trajet\u2009?<\/p>\n<p>La r\u00e9gion du Grand Toronto a besoin d&rsquo;une meilleure infrastructure et c&rsquo;est ce que ce projet permettra de r\u00e9aliser. Notre r\u00e9seau de transport ne se r\u00e9sume pas \u00e0 un seul projet &#8211; c&rsquo;est pourquoi nous l&rsquo;appelons un r\u00e9seau. Il s&rsquo;agit de connexions. Il s&rsquo;agit d&rsquo;options. Pour suivre la croissance d\u00e9mographique fulgurante de la r\u00e9gion du Grand Toronto, nous avons besoin de nouvelles infrastructures, sinon nous serons confront\u00e9s \u00e0 une congestion d\u00e9vastatrice. C&rsquo;est pourquoi l&rsquo;Ontario fait des investissements records dans le transport en commun et c&rsquo;est pourquoi nous devons aller de l&rsquo;avant avec de nouveaux projets routiers comme l&rsquo;autoroute 413.<\/p>\n\n","protected":false},"excerpt":{"rendered":"<p>English Avantages du projet L&rsquo;autoroute 413 fait partie du plan de l&rsquo;Ontario visant l&rsquo;expansion du r\u00e9seau d&rsquo;autoroutes et de transport en commun dans la r\u00e9gion \u00e9largie du Golden Horseshoe, dans le but de lutter contre la congestion, de cr\u00e9er des emplois et de se pr\u00e9parer \u00e0 la croissance d\u00e9mographique massive attendue au cours des 30 &#8230; <\/p>\n<p class=\"read-more-container\"><a title=\"Avantages du projet\" class=\"read-more button\" href=\"https:\/\/highway413.ca\/fr\/avantages-du-projet\/#more-4672\" aria-label=\"Read more about Avantages du projet\">Read more<\/a><\/p>\n","protected":false},"author":14,"featured_media":0,"parent":0,"menu_order":15,"comment_status":"closed","ping_status":"closed","template":"","meta":{"footnotes":""},"folder":[],"class_list":["post-4672","page","type-page","status-publish"],"yoast_head":"<!-- This site is optimized with the Yoast SEO plugin v27.4 - https:\/\/yoast.com\/product\/yoast-seo-wordpress\/ -->\n<title>Avantages du projet - Autoroute\u202f413<\/title>\n<meta name=\"description\" content=\"D\u00e9couvrez les avantages du projet de l&#039;autoroute 413, y compris l&#039;am\u00e9lioration des transports, la croissance \u00e9conomique et les r\u00e9ductions de congestion.\" \/>\n<meta name=\"robots\" content=\"index, follow, max-snippet:-1, max-image-preview:large, max-video-preview:-1\" \/>\n<link rel=\"canonical\" href=\"https:\/\/highway413.ca\/fr\/avantages-du-projet\/\" \/>\n<meta property=\"og:locale\" content=\"fr_CA\" \/>\n<meta property=\"og:type\" content=\"article\" \/>\n<meta property=\"og:title\" content=\"Avantages du projet - Autoroute\u202f413\" \/>\n<meta property=\"og:description\" content=\"D\u00e9couvrez les avantages du projet de l&#039;autoroute 413, y compris l&#039;am\u00e9lioration des transports, la croissance \u00e9conomique et les r\u00e9ductions de congestion.\" \/>\n<meta property=\"og:url\" content=\"https:\/\/highway413.ca\/fr\/avantages-du-projet\/\" \/>\n<meta property=\"og:site_name\" content=\"Autoroute\u202f413\" \/>\n<meta property=\"article:modified_time\" content=\"2025-08-27T19:07:37+00:00\" \/>\n<meta property=\"og:image\" content=\"https:\/\/highway413.ca\/fr\/wp-content\/uploads\/2021\/03\/pexels-stas-knop-1537268-scaled.jpg\" \/>\n<meta name=\"twitter:card\" content=\"summary_large_image\" \/>\n<meta name=\"twitter:label1\" content=\"Estimation du temps de lecture\" \/>\n\t<meta name=\"twitter:data1\" content=\"6 minutes\" \/>\n<script type=\"application\/ld+json\" class=\"yoast-schema-graph\">{\"@context\":\"https:\\\/\\\/schema.org\",\"@graph\":[{\"@type\":\"WebPage\",\"@id\":\"https:\\\/\\\/highway413.ca\\\/fr\\\/avantages-du-projet\\\/\",\"url\":\"https:\\\/\\\/highway413.ca\\\/fr\\\/avantages-du-projet\\\/\",\"name\":\"Avantages du projet - Autoroute\u202f413\",\"isPartOf\":{\"@id\":\"https:\\\/\\\/highway413.ca\\\/fr\\\/#website\"},\"primaryImageOfPage\":{\"@id\":\"https:\\\/\\\/highway413.ca\\\/fr\\\/avantages-du-projet\\\/#primaryimage\"},\"image\":{\"@id\":\"https:\\\/\\\/highway413.ca\\\/fr\\\/avantages-du-projet\\\/#primaryimage\"},\"thumbnailUrl\":\"https:\\\/\\\/highway413.ca\\\/fr\\\/wp-content\\\/uploads\\\/2021\\\/03\\\/pexels-stas-knop-1537268-scaled.jpg\",\"datePublished\":\"2025-01-17T18:44:49+00:00\",\"dateModified\":\"2025-08-27T19:07:37+00:00\",\"description\":\"D\u00e9couvrez les avantages du projet de l'autoroute 413, y compris l'am\u00e9lioration des transports, la croissance \u00e9conomique et les r\u00e9ductions de congestion.\",\"breadcrumb\":{\"@id\":\"https:\\\/\\\/highway413.ca\\\/fr\\\/avantages-du-projet\\\/#breadcrumb\"},\"inLanguage\":\"fr-CA\",\"potentialAction\":[{\"@type\":\"ReadAction\",\"target\":[\"https:\\\/\\\/highway413.ca\\\/fr\\\/avantages-du-projet\\\/\"]}]},{\"@type\":\"ImageObject\",\"inLanguage\":\"fr-CA\",\"@id\":\"https:\\\/\\\/highway413.ca\\\/fr\\\/avantages-du-projet\\\/#primaryimage\",\"url\":\"https:\\\/\\\/highway413.ca\\\/fr\\\/wp-content\\\/uploads\\\/2021\\\/03\\\/pexels-stas-knop-1537268-scaled.jpg\",\"contentUrl\":\"https:\\\/\\\/highway413.ca\\\/fr\\\/wp-content\\\/uploads\\\/2021\\\/03\\\/pexels-stas-knop-1537268-scaled.jpg\",\"width\":2560,\"height\":1707,\"caption\":\"Gros plan d\u2019une horloge analogique avec un cadran blanc, des chiffres noirs, des aiguilles noires pour les heures et les minutes, et une trotteuse rouge. L\u2019heure affich\u00e9e est environ 2 h 10.\"},{\"@type\":\"BreadcrumbList\",\"@id\":\"https:\\\/\\\/highway413.ca\\\/fr\\\/avantages-du-projet\\\/#breadcrumb\",\"itemListElement\":[{\"@type\":\"ListItem\",\"position\":1,\"name\":\"Home\",\"item\":\"https:\\\/\\\/highway413.ca\\\/fr\\\/\"},{\"@type\":\"ListItem\",\"position\":2,\"name\":\"Avantages du projet\"}]},{\"@type\":\"WebSite\",\"@id\":\"https:\\\/\\\/highway413.ca\\\/fr\\\/#website\",\"url\":\"https:\\\/\\\/highway413.ca\\\/fr\\\/\",\"name\":\"Highway 413\",\"description\":\"\",\"publisher\":{\"@id\":\"https:\\\/\\\/highway413.ca\\\/fr\\\/#organization\"},\"potentialAction\":[{\"@type\":\"SearchAction\",\"target\":{\"@type\":\"EntryPoint\",\"urlTemplate\":\"https:\\\/\\\/highway413.ca\\\/fr\\\/?s={search_term_string}\"},\"query-input\":{\"@type\":\"PropertyValueSpecification\",\"valueRequired\":true,\"valueName\":\"search_term_string\"}}],\"inLanguage\":\"fr-CA\"},{\"@type\":\"Organization\",\"@id\":\"https:\\\/\\\/highway413.ca\\\/fr\\\/#organization\",\"name\":\"Highway 413\",\"url\":\"https:\\\/\\\/highway413.ca\\\/fr\\\/\",\"logo\":{\"@type\":\"ImageObject\",\"inLanguage\":\"fr-CA\",\"@id\":\"https:\\\/\\\/highway413.ca\\\/fr\\\/#\\\/schema\\\/logo\\\/image\\\/\",\"url\":\"https:\\\/\\\/highway413.ca\\\/fr\\\/wp-content\\\/uploads\\\/2024\\\/12\\\/cropped-413-fr-logo.png\",\"contentUrl\":\"https:\\\/\\\/highway413.ca\\\/fr\\\/wp-content\\\/uploads\\\/2024\\\/12\\\/cropped-413-fr-logo.png\",\"width\":1276,\"height\":271,\"caption\":\"Highway 413\"},\"image\":{\"@id\":\"https:\\\/\\\/highway413.ca\\\/fr\\\/#\\\/schema\\\/logo\\\/image\\\/\"}}]}<\/script>\n<!-- \/ Yoast SEO plugin. -->","yoast_head_json":{"title":"Avantages du projet - Autoroute\u202f413","description":"D\u00e9couvrez les avantages du projet de l'autoroute 413, y compris l'am\u00e9lioration des transports, la croissance \u00e9conomique et les r\u00e9ductions de congestion.","robots":{"index":"index","follow":"follow","max-snippet":"max-snippet:-1","max-image-preview":"max-image-preview:large","max-video-preview":"max-video-preview:-1"},"canonical":"https:\/\/highway413.ca\/fr\/avantages-du-projet\/","og_locale":"fr_CA","og_type":"article","og_title":"Avantages du projet - Autoroute\u202f413","og_description":"D\u00e9couvrez les avantages du projet de l'autoroute 413, y compris l'am\u00e9lioration des transports, la croissance \u00e9conomique et les r\u00e9ductions de congestion.","og_url":"https:\/\/highway413.ca\/fr\/avantages-du-projet\/","og_site_name":"Autoroute\u202f413","article_modified_time":"2025-08-27T19:07:37+00:00","og_image":[{"url":"https:\/\/highway413.ca\/fr\/wp-content\/uploads\/2021\/03\/pexels-stas-knop-1537268-scaled.jpg","type":"","width":"","height":""}],"twitter_card":"summary_large_image","twitter_misc":{"Estimation du temps de lecture":"6 minutes"},"schema":{"@context":"https:\/\/schema.org","@graph":[{"@type":"WebPage","@id":"https:\/\/highway413.ca\/fr\/avantages-du-projet\/","url":"https:\/\/highway413.ca\/fr\/avantages-du-projet\/","name":"Avantages du projet - Autoroute\u202f413","isPartOf":{"@id":"https:\/\/highway413.ca\/fr\/#website"},"primaryImageOfPage":{"@id":"https:\/\/highway413.ca\/fr\/avantages-du-projet\/#primaryimage"},"image":{"@id":"https:\/\/highway413.ca\/fr\/avantages-du-projet\/#primaryimage"},"thumbnailUrl":"https:\/\/highway413.ca\/fr\/wp-content\/uploads\/2021\/03\/pexels-stas-knop-1537268-scaled.jpg","datePublished":"2025-01-17T18:44:49+00:00","dateModified":"2025-08-27T19:07:37+00:00","description":"D\u00e9couvrez les avantages du projet de l'autoroute 413, y compris l'am\u00e9lioration des transports, la croissance \u00e9conomique et les r\u00e9ductions de congestion.","breadcrumb":{"@id":"https:\/\/highway413.ca\/fr\/avantages-du-projet\/#breadcrumb"},"inLanguage":"fr-CA","potentialAction":[{"@type":"ReadAction","target":["https:\/\/highway413.ca\/fr\/avantages-du-projet\/"]}]},{"@type":"ImageObject","inLanguage":"fr-CA","@id":"https:\/\/highway413.ca\/fr\/avantages-du-projet\/#primaryimage","url":"https:\/\/highway413.ca\/fr\/wp-content\/uploads\/2021\/03\/pexels-stas-knop-1537268-scaled.jpg","contentUrl":"https:\/\/highway413.ca\/fr\/wp-content\/uploads\/2021\/03\/pexels-stas-knop-1537268-scaled.jpg","width":2560,"height":1707,"caption":"Gros plan d\u2019une horloge analogique avec un cadran blanc, des chiffres noirs, des aiguilles noires pour les heures et les minutes, et une trotteuse rouge. L\u2019heure affich\u00e9e est environ 2 h 10."},{"@type":"BreadcrumbList","@id":"https:\/\/highway413.ca\/fr\/avantages-du-projet\/#breadcrumb","itemListElement":[{"@type":"ListItem","position":1,"name":"Home","item":"https:\/\/highway413.ca\/fr\/"},{"@type":"ListItem","position":2,"name":"Avantages du projet"}]},{"@type":"WebSite","@id":"https:\/\/highway413.ca\/fr\/#website","url":"https:\/\/highway413.ca\/fr\/","name":"Highway 413","description":"","publisher":{"@id":"https:\/\/highway413.ca\/fr\/#organization"},"potentialAction":[{"@type":"SearchAction","target":{"@type":"EntryPoint","urlTemplate":"https:\/\/highway413.ca\/fr\/?s={search_term_string}"},"query-input":{"@type":"PropertyValueSpecification","valueRequired":true,"valueName":"search_term_string"}}],"inLanguage":"fr-CA"},{"@type":"Organization","@id":"https:\/\/highway413.ca\/fr\/#organization","name":"Highway 413","url":"https:\/\/highway413.ca\/fr\/","logo":{"@type":"ImageObject","inLanguage":"fr-CA","@id":"https:\/\/highway413.ca\/fr\/#\/schema\/logo\/image\/","url":"https:\/\/highway413.ca\/fr\/wp-content\/uploads\/2024\/12\/cropped-413-fr-logo.png","contentUrl":"https:\/\/highway413.ca\/fr\/wp-content\/uploads\/2024\/12\/cropped-413-fr-logo.png","width":1276,"height":271,"caption":"Highway 413"},"image":{"@id":"https:\/\/highway413.ca\/fr\/#\/schema\/logo\/image\/"}}]}},"_links":{"self":[{"href":"https:\/\/highway413.ca\/fr\/wp-json\/wp\/v2\/pages\/4672","targetHints":{"allow":["GET"]}}],"collection":[{"href":"https:\/\/highway413.ca\/fr\/wp-json\/wp\/v2\/pages"}],"about":[{"href":"https:\/\/highway413.ca\/fr\/wp-json\/wp\/v2\/types\/page"}],"author":[{"embeddable":true,"href":"https:\/\/highway413.ca\/fr\/wp-json\/wp\/v2\/users\/14"}],"replies":[{"embeddable":true,"href":"https:\/\/highway413.ca\/fr\/wp-json\/wp\/v2\/comments?post=4672"}],"version-history":[{"count":9,"href":"https:\/\/highway413.ca\/fr\/wp-json\/wp\/v2\/pages\/4672\/revisions"}],"predecessor-version":[{"id":4940,"href":"https:\/\/highway413.ca\/fr\/wp-json\/wp\/v2\/pages\/4672\/revisions\/4940"}],"wp:attachment":[{"href":"https:\/\/highway413.ca\/fr\/wp-json\/wp\/v2\/media?parent=4672"}],"wp:term":[{"taxonomy":"folder","embeddable":true,"href":"https:\/\/highway413.ca\/fr\/wp-json\/wp\/v2\/folder?post=4672"}],"curies":[{"name":"wp","href":"https:\/\/api.w.org\/{rel}","templated":true}]}}