{"id":4847,"date":"2025-02-05T16:50:34","date_gmt":"2025-02-05T21:50:34","guid":{"rendered":"https:\/\/highway413.ca\/fr\/?page_id=4847"},"modified":"2025-09-08T11:18:37","modified_gmt":"2025-09-08T15:18:37","slug":"politique-de-protection-des-renseignements-personnels","status":"publish","type":"page","link":"https:\/\/highway413.ca\/fr\/politique-de-protection-des-renseignements-personnels\/","title":{"rendered":"Politique de protection des renseignements personnels"},"content":{"rendered":"\n\n\t<p>Nous accordons une grande importance \u00e0 la protection de la vie priv\u00e9e des personnes qui visitent ce site web.<\/p>\n<p>Sur ce site, nous reconnaissons que la confidentialit\u00e9 de vos informations personnelles est importante. Voici des informations sur les types d&rsquo;informations personnelles que nous recevons et recueillons lorsque vous utilisez et visitez notre site web, et sur la mani\u00e8re dont nous prot\u00e9geons vos informations. Nous ne fournissons jamais vos renseignements personnels \u00e0 des tiers autres que ceux qui participent \u00e0 l&rsquo;\u00e9tude de L&rsquo;autoroute 413, \u00e0 moins que la loi ne l&rsquo;exige ou ne le permette.<\/p>\n<h2>Informations personnelles<\/h2>\n<p>Nos serveurs Web ne recueillent pas l&rsquo;adresse \u00e9lectronique des visiteurs. Cependant, dans certaines parties de ce site, vous pouvez laisser votre nom, votre adresse, votre adresse \u00e9lectronique, votre num\u00e9ro de t\u00e9l\u00e9phone, etc. afin que nous puissions vous fournir les informations que vous avez demand\u00e9es ou r\u00e9pondre \u00e0 vos questions. Ces informations sont collect\u00e9es sur la base du besoin de savoir et ne sont pas partag\u00e9es avec d&rsquo;autres personnes, \u00e0 l&rsquo;exception de celles qui participent \u00e0 l&rsquo;\u00e9tude L&rsquo;autoroute 413, sauf si la loi l&rsquo;exige ou l&rsquo;autorise. Nous d\u00e9ployons tous les efforts raisonnables pour assurer la s\u00e9curit\u00e9 de vos renseignements.<\/p>\n<h2>Fichiers journaux<\/h2>\n<p>Comme la plupart des autres sites Web, nous recueillons et utilisons les donn\u00e9es contenues dans les fichiers journaux. Les informations contenues dans les fichiers journaux comprennent : votre adresse IP (protocole Internet), votre fournisseur d&rsquo;acc\u00e8s Internet, le navigateur que vous avez utilis\u00e9 pour visiter notre site, l&rsquo;heure \u00e0 laquelle vous avez visit\u00e9 notre site et les pages que vous avez consult\u00e9es sur notre site.<\/p>\n<h2>T\u00e9moins et pixels invisibles<\/h2>\n<p>Nous utilisons des t\u00e9moins pour stocker des informations sur votre visite. Les t\u00e9moins sont g\u00e9n\u00e9ralement utilis\u00e9s pour faciliter la navigation des utilisateurs sur notre site. Ces types de t\u00e9moins doivent \u00eatre stock\u00e9s sur le disque dur de votre ordinateur. Vous pouvez choisir de d\u00e9sactiver ou d&rsquo;\u00e9teindre s\u00e9lectivement nos t\u00e9moins dans les param\u00e8tres de votre navigateur.<\/p>\n<h2>Liens \u00e0 partir de ce site web<\/h2>\n<p>Nous ne contr\u00f4lons pas et n&rsquo;examinons pas le contenu des sites web d&rsquo;autres parties qui sont li\u00e9s \u00e0 ce site web. Sachez que nous ne sommes pas responsables des pratiques en mati\u00e8re de protection de la vie priv\u00e9e ou du contenu des sites web d&rsquo;autres parties.<\/p>\n<h2>Liens vers ce site web<\/h2>\n<p>Vous ne pouvez pas cr\u00e9er de lien vers une page de ce site web sans autorisation \u00e9crite pr\u00e9alable. Si vous cr\u00e9ez un lien vers une page de ce site web, vous le faites \u00e0 vos propres risques et les exclusions et limitations s&rsquo;appliqueront \u00e0 votre utilisation de ce site web par le biais d&rsquo;un lien.<\/p>\n<h2>Avis de droit d&rsquo;auteur<\/h2>\n<p>Des droits d&rsquo;auteur et d&rsquo;autres droits de propri\u00e9t\u00e9 intellectuelle pertinents existent sur tous les textes relatifs au contenu int\u00e9gral de ce site web.<\/p>\n<h2>Avis de non-responsabilit\u00e9<\/h2>\n<p>Les informations figurant sur ce site web sont fournies \u00ab\u00a0en l&rsquo;\u00e9tat\u00a0\u00bb. Nous excluons toutes les repr\u00e9sentations et garanties relatives \u00e0 ce site et \u00e0 son contenu, y compris toute inexactitude ou omission dans ce site. Nous excluons \u00e9galement toute responsabilit\u00e9 pour les dommages r\u00e9sultant de, ou li\u00e9s \u00e0, l&rsquo;utilisation de ce site web, y compris les pertes directes, les pertes d&rsquo;affaires ou de profits, les dommages caus\u00e9s \u00e0 votre ordinateur, logiciel, donn\u00e9es ou serveur et tout autre dommage direct ou indirect, cons\u00e9cutif et accidentel.<\/p>\n<h2>Nous contacter<\/h2>\n<p>Vous pouvez nous contacter au sujet de la pr\u00e9sente politique de confidentialit\u00e9, de la clause de non-responsabilit\u00e9 ou de toute autre question relative \u00e0 la maintenance du site web en utilisant les informations contenues dans la page \u00ab Nous contacter \u00bb.<\/p>\n<h2>Notification des modifications<\/h2>\n<p>Nous nous r\u00e9servons le droit de modifier ces conditions de temps \u00e0 autre si nous le jugeons n\u00e9cessaire et votre utilisation continue du site signifiera votre acceptation de tout ajustement de ces conditions. En cas de modification de notre politique de protection de la vie priv\u00e9e, nous l&rsquo;annoncerons sur notre page d&rsquo;accueil et sur d&rsquo;autres pages cl\u00e9s de notre site. En cas de modification de la mani\u00e8re dont nous utilisons les informations personnelles identifiables des clients de notre site, une notification par courrier \u00e9lectronique ou postal sera adress\u00e9e aux personnes concern\u00e9es par ce changement.<\/p>\n<p>En acc\u00e9dant \u00e0 ce site web, vous indiquez que vous comprenez et acceptez la politique de confidentialit\u00e9 et la clause de non-responsabilit\u00e9.<\/p>\n\n","protected":false},"excerpt":{"rendered":"<p>Nous accordons une grande importance \u00e0 la protection de la vie priv\u00e9e des personnes qui visitent ce site web. Sur ce site, nous reconnaissons que la confidentialit\u00e9 de vos informations personnelles est importante. Voici des informations sur les types d&rsquo;informations personnelles que nous recevons et recueillons lorsque vous utilisez et visitez notre site web, et &#8230; <\/p>\n<p class=\"read-more-container\"><a title=\"Politique de protection des renseignements personnels\" class=\"read-more button\" href=\"https:\/\/highway413.ca\/fr\/politique-de-protection-des-renseignements-personnels\/#more-4847\" aria-label=\"Read more about Politique de protection des renseignements personnels\">Read more<\/a><\/p>\n","protected":false},"author":14,"featured_media":0,"parent":0,"menu_order":0,"comment_status":"closed","ping_status":"closed","template":"","meta":{"footnotes":""},"folder":[],"class_list":["post-4847","page","type-page","status-publish"],"yoast_head":"<!-- This site is optimized with the Yoast SEO plugin v27.4 - https:\/\/yoast.com\/product\/yoast-seo-wordpress\/ -->\n<title>Politique de protection des renseignements personnels - Autoroute\u202f413<\/title>\n<meta name=\"description\" content=\"Politique de protection des renseignements personnels\" \/>\n<meta name=\"robots\" content=\"index, follow, max-snippet:-1, max-image-preview:large, max-video-preview:-1\" \/>\n<link rel=\"canonical\" href=\"https:\/\/highway413.ca\/fr\/politique-de-protection-des-renseignements-personnels\/\" \/>\n<meta property=\"og:locale\" content=\"fr_CA\" \/>\n<meta property=\"og:type\" content=\"article\" \/>\n<meta property=\"og:title\" content=\"Politique de protection des renseignements personnels - Autoroute\u202f413\" \/>\n<meta property=\"og:description\" content=\"Politique de protection des renseignements personnels\" \/>\n<meta property=\"og:url\" content=\"https:\/\/highway413.ca\/fr\/politique-de-protection-des-renseignements-personnels\/\" \/>\n<meta property=\"og:site_name\" content=\"Autoroute\u202f413\" \/>\n<meta property=\"article:modified_time\" content=\"2025-09-08T15:18:37+00:00\" \/>\n<meta name=\"twitter:card\" content=\"summary_large_image\" \/>\n<script type=\"application\/ld+json\" class=\"yoast-schema-graph\">{\"@context\":\"https:\\\/\\\/schema.org\",\"@graph\":[{\"@type\":\"WebPage\",\"@id\":\"https:\\\/\\\/highway413.ca\\\/fr\\\/politique-de-protection-des-renseignements-personnels\\\/\",\"url\":\"https:\\\/\\\/highway413.ca\\\/fr\\\/politique-de-protection-des-renseignements-personnels\\\/\",\"name\":\"Politique de protection des renseignements personnels - Autoroute\u202f413\",\"isPartOf\":{\"@id\":\"https:\\\/\\\/highway413.ca\\\/fr\\\/#website\"},\"datePublished\":\"2025-02-05T21:50:34+00:00\",\"dateModified\":\"2025-09-08T15:18:37+00:00\",\"description\":\"Politique de protection des renseignements personnels\",\"breadcrumb\":{\"@id\":\"https:\\\/\\\/highway413.ca\\\/fr\\\/politique-de-protection-des-renseignements-personnels\\\/#breadcrumb\"},\"inLanguage\":\"fr-CA\",\"potentialAction\":[{\"@type\":\"ReadAction\",\"target\":[\"https:\\\/\\\/highway413.ca\\\/fr\\\/politique-de-protection-des-renseignements-personnels\\\/\"]}]},{\"@type\":\"BreadcrumbList\",\"@id\":\"https:\\\/\\\/highway413.ca\\\/fr\\\/politique-de-protection-des-renseignements-personnels\\\/#breadcrumb\",\"itemListElement\":[{\"@type\":\"ListItem\",\"position\":1,\"name\":\"Home\",\"item\":\"https:\\\/\\\/highway413.ca\\\/fr\\\/\"},{\"@type\":\"ListItem\",\"position\":2,\"name\":\"Politique de protection des renseignements personnels\"}]},{\"@type\":\"WebSite\",\"@id\":\"https:\\\/\\\/highway413.ca\\\/fr\\\/#website\",\"url\":\"https:\\\/\\\/highway413.ca\\\/fr\\\/\",\"name\":\"Highway 413\",\"description\":\"\",\"publisher\":{\"@id\":\"https:\\\/\\\/highway413.ca\\\/fr\\\/#organization\"},\"potentialAction\":[{\"@type\":\"SearchAction\",\"target\":{\"@type\":\"EntryPoint\",\"urlTemplate\":\"https:\\\/\\\/highway413.ca\\\/fr\\\/?s={search_term_string}\"},\"query-input\":{\"@type\":\"PropertyValueSpecification\",\"valueRequired\":true,\"valueName\":\"search_term_string\"}}],\"inLanguage\":\"fr-CA\"},{\"@type\":\"Organization\",\"@id\":\"https:\\\/\\\/highway413.ca\\\/fr\\\/#organization\",\"name\":\"Highway 413\",\"url\":\"https:\\\/\\\/highway413.ca\\\/fr\\\/\",\"logo\":{\"@type\":\"ImageObject\",\"inLanguage\":\"fr-CA\",\"@id\":\"https:\\\/\\\/highway413.ca\\\/fr\\\/#\\\/schema\\\/logo\\\/image\\\/\",\"url\":\"https:\\\/\\\/highway413.ca\\\/fr\\\/wp-content\\\/uploads\\\/2024\\\/12\\\/cropped-413-fr-logo.png\",\"contentUrl\":\"https:\\\/\\\/highway413.ca\\\/fr\\\/wp-content\\\/uploads\\\/2024\\\/12\\\/cropped-413-fr-logo.png\",\"width\":1276,\"height\":271,\"caption\":\"Highway 413\"},\"image\":{\"@id\":\"https:\\\/\\\/highway413.ca\\\/fr\\\/#\\\/schema\\\/logo\\\/image\\\/\"}}]}<\/script>\n<!-- \/ Yoast SEO plugin. -->","yoast_head_json":{"title":"Politique de protection des renseignements personnels - Autoroute\u202f413","description":"Politique de protection des renseignements personnels","robots":{"index":"index","follow":"follow","max-snippet":"max-snippet:-1","max-image-preview":"max-image-preview:large","max-video-preview":"max-video-preview:-1"},"canonical":"https:\/\/highway413.ca\/fr\/politique-de-protection-des-renseignements-personnels\/","og_locale":"fr_CA","og_type":"article","og_title":"Politique de protection des renseignements personnels - Autoroute\u202f413","og_description":"Politique de protection des renseignements personnels","og_url":"https:\/\/highway413.ca\/fr\/politique-de-protection-des-renseignements-personnels\/","og_site_name":"Autoroute\u202f413","article_modified_time":"2025-09-08T15:18:37+00:00","twitter_card":"summary_large_image","schema":{"@context":"https:\/\/schema.org","@graph":[{"@type":"WebPage","@id":"https:\/\/highway413.ca\/fr\/politique-de-protection-des-renseignements-personnels\/","url":"https:\/\/highway413.ca\/fr\/politique-de-protection-des-renseignements-personnels\/","name":"Politique de protection des renseignements personnels - Autoroute\u202f413","isPartOf":{"@id":"https:\/\/highway413.ca\/fr\/#website"},"datePublished":"2025-02-05T21:50:34+00:00","dateModified":"2025-09-08T15:18:37+00:00","description":"Politique de protection des renseignements personnels","breadcrumb":{"@id":"https:\/\/highway413.ca\/fr\/politique-de-protection-des-renseignements-personnels\/#breadcrumb"},"inLanguage":"fr-CA","potentialAction":[{"@type":"ReadAction","target":["https:\/\/highway413.ca\/fr\/politique-de-protection-des-renseignements-personnels\/"]}]},{"@type":"BreadcrumbList","@id":"https:\/\/highway413.ca\/fr\/politique-de-protection-des-renseignements-personnels\/#breadcrumb","itemListElement":[{"@type":"ListItem","position":1,"name":"Home","item":"https:\/\/highway413.ca\/fr\/"},{"@type":"ListItem","position":2,"name":"Politique de protection des renseignements personnels"}]},{"@type":"WebSite","@id":"https:\/\/highway413.ca\/fr\/#website","url":"https:\/\/highway413.ca\/fr\/","name":"Highway 413","description":"","publisher":{"@id":"https:\/\/highway413.ca\/fr\/#organization"},"potentialAction":[{"@type":"SearchAction","target":{"@type":"EntryPoint","urlTemplate":"https:\/\/highway413.ca\/fr\/?s={search_term_string}"},"query-input":{"@type":"PropertyValueSpecification","valueRequired":true,"valueName":"search_term_string"}}],"inLanguage":"fr-CA"},{"@type":"Organization","@id":"https:\/\/highway413.ca\/fr\/#organization","name":"Highway 413","url":"https:\/\/highway413.ca\/fr\/","logo":{"@type":"ImageObject","inLanguage":"fr-CA","@id":"https:\/\/highway413.ca\/fr\/#\/schema\/logo\/image\/","url":"https:\/\/highway413.ca\/fr\/wp-content\/uploads\/2024\/12\/cropped-413-fr-logo.png","contentUrl":"https:\/\/highway413.ca\/fr\/wp-content\/uploads\/2024\/12\/cropped-413-fr-logo.png","width":1276,"height":271,"caption":"Highway 413"},"image":{"@id":"https:\/\/highway413.ca\/fr\/#\/schema\/logo\/image\/"}}]}},"_links":{"self":[{"href":"https:\/\/highway413.ca\/fr\/wp-json\/wp\/v2\/pages\/4847","targetHints":{"allow":["GET"]}}],"collection":[{"href":"https:\/\/highway413.ca\/fr\/wp-json\/wp\/v2\/pages"}],"about":[{"href":"https:\/\/highway413.ca\/fr\/wp-json\/wp\/v2\/types\/page"}],"author":[{"embeddable":true,"href":"https:\/\/highway413.ca\/fr\/wp-json\/wp\/v2\/users\/14"}],"replies":[{"embeddable":true,"href":"https:\/\/highway413.ca\/fr\/wp-json\/wp\/v2\/comments?post=4847"}],"version-history":[{"count":4,"href":"https:\/\/highway413.ca\/fr\/wp-json\/wp\/v2\/pages\/4847\/revisions"}],"predecessor-version":[{"id":4942,"href":"https:\/\/highway413.ca\/fr\/wp-json\/wp\/v2\/pages\/4847\/revisions\/4942"}],"wp:attachment":[{"href":"https:\/\/highway413.ca\/fr\/wp-json\/wp\/v2\/media?parent=4847"}],"wp:term":[{"taxonomy":"folder","embeddable":true,"href":"https:\/\/highway413.ca\/fr\/wp-json\/wp\/v2\/folder?post=4847"}],"curies":[{"name":"wp","href":"https:\/\/api.w.org\/{rel}","templated":true}]}}