{"id":4923,"date":"2025-08-25T11:55:56","date_gmt":"2025-08-25T15:55:56","guid":{"rendered":"https:\/\/highway413.ca\/fr\/?page_id=4923"},"modified":"2026-01-09T16:30:36","modified_gmt":"2026-01-09T21:30:36","slug":"travaux-preliminaires","status":"publish","type":"page","link":"https:\/\/highway413.ca\/fr\/travaux-preliminaires\/","title":{"rendered":"Travaux pr\u00e9liminaires \u2013 Activit\u00e9s de construction"},"content":{"rendered":"\n\n\t<a href=\"https:\/\/highway413.ca\/en\/early-works\" target=\"_self\" role=\"button\" aria-label=\"English\">\n\t\t\t\t\t\tEnglish\n\t\t\t\t\t<\/a>\n\t\t<h1>\n\t\t\tTravaux pr\u00e9liminaires\n\t\t<\/h1>\n<h2>\n\t\t\tTravaux pr\u00e9liminaires &#8211; Activit\u00e9s de construction\t<\/h2>\n\t<p>Les travaux pr\u00e9liminaires sont les initiatives ou les projets qui ont lieu au d\u00e9but du processus de construction afin de jeter les bases de nombreuses activit\u00e9s de construction qui suivront. Les projets de travaux pr\u00e9liminaires li\u00e9s \u00e0 l&rsquo;autoroute 413 sont d\u00e9finis dans la<em> Loi sur l&rsquo;autoroute 413, <\/em>2024. Ces projets de travaux pr\u00e9liminaires sont situ\u00e9s dans des zones o\u00f9 la conception technique et les \u00e9tudes de terrain sont bien avanc\u00e9es. Ils ont \u00e9t\u00e9 choisis par le MTO parce qu&rsquo;ils se trouvent dans des zones qui sont ou ont d\u00e9j\u00e0 \u00e9t\u00e9 perturb\u00e9es et o\u00f9 les risques de r\u00e9percussions environnementales sont faibles. Certains travaux pr\u00e9liminaires sont \u00e9galement situ\u00e9s dans des zones o\u00f9 les municipalit\u00e9s locales ont identifi\u00e9 des infrastructures n\u00e9cessitant des travaux d&rsquo;am\u00e9lioration suppl\u00e9mentaires.<\/p>\n\t\t\t\t<a href=\"https:\/\/highway413.ca\/fr\/wp-content\/uploads\/2025\/12\/Map-EarlyWorks-FR-12-05-2025.jpg\"  target=\"_self\" itemprop=\"url\">\n\t\t\t\t<img decoding=\"async\" src=\"https:\/\/highway413.ca\/fr\/wp-content\/uploads\/2025\/12\/Map-EarlyWorks-FR-12-05-2025.jpg\" alt=\"Carte montrant le trac\u00e9 pr\u00e9liminaire de l'autoroute 413 en Ontario, avec les \u00e9changeurs et les emplacements des travaux pr\u00e9liminaires indiqu\u00e9s entre Vaughan, Brampton et Mississauga.\" itemprop=\"image\" height=\"1923\" width=\"1920\" title=\"Map-EarlyWorks-FR-12-05-2025\" onerror=\"this.style.display='none'\" loading=\"lazy\" \/>\n\t\t\t\t<\/a>\n\t\tEmplacement des projets de travaux pr\u00e9liminaires\n<h2>\n\t\t\tLes travaux pr\u00e9liminaires de l&rsquo;autoroute 413 comprennent \t<\/h2>\n\t<ul>\n<li>Projet de travaux pr\u00e9liminaires n\u00b0\u00a01\u00a0: remblai \u00e0 l&rsquo;\u00e9changeur 401\/407 ETR\/413<\/li>\n<li>Projet de travaux pr\u00e9liminaires n\u00b0 2 : resurfa\u00e7age de l&rsquo;autoroute 10\/rue Hurontario et passage souterrain<\/li>\n<li>Projet n\u00b0 3 de travaux pr\u00e9liminaires : passage souterrain de promenade Bovaird.<\/li>\n<\/ul>\n<h2>\n\t\t\tProjet n\u00b0 1 de travaux pr\u00e9liminaires : remblai \u00e0 l&rsquo;\u00e9changeur 401\/407 ETR\/413\t<\/h2>\n\t<p>Le projet de travaux pr\u00e9liminaires n\u00b0 1 est termin\u00e9.<\/p>\n<p>Ce projet comprend la construction d&rsquo;un remblai visant \u00e0 supporter une future jonction entre l&rsquo;autoroute 401 en direction ouest et l&rsquo;autoroute 413 en direction nord et l&rsquo;autoroute 407 en direction sud. Les travaux comprennent le nivellement du quadrant nord-est de l&rsquo;\u00e9changeur entre les autoroutes 401 et 407 ETR.<\/p>\n\t\t\t\t<img decoding=\"async\" src=\"https:\/\/highway413.ca\/fr\/wp-content\/uploads\/2025\/08\/Early-Works-Project-1-Embankment-at-401407-ETR413-Interchange.png\" alt=\"Carte a\u00e9rienne de la zone de l'\u00e9changeur 401\/407 montrant le projet de travaux pr\u00e9liminaires no 1 : remblai \u00e0 l'\u00e9changeur 401\/407, avec des lignes color\u00e9es indiquant l'emplacement du projet, l'alignement pr\u00e9f\u00e9r\u00e9, le trac\u00e9 de l'autoroute 413 et la zone d'analyse cibl\u00e9e.\" itemprop=\"image\" height=\"467\" width=\"539\" title=\"Early Works Project #1 Embankment at 401407 ETR413 Interchange\" onerror=\"this.style.display='none'\" loading=\"lazy\" \/>\n<h2>\n\t\t\tProjet n\u00b0 2 des travaux pr\u00e9liminaires : resurfa\u00e7age de l&rsquo;autoroute 10\/rue Hurontario et passage souterrain\t<\/h2>\n\t\t\t\t<img decoding=\"async\" src=\"https:\/\/highway413.ca\/fr\/wp-content\/uploads\/2025\/08\/Hwy-413-EW-Project-2-Location.jpg\" alt=\"Carte montrant le projet de travaux pr\u00e9liminaires no 2 : passage inf\u00e9rieur et resurfa\u00e7age de la rue Hurontario (route 10), avec des routes identifi\u00e9es, l'a\u00e9roport de Brampton et des lignes color\u00e9es indiquant l'emplacement du projet, l'alignement pr\u00e9f\u00e9r\u00e9, le trac\u00e9 de l'autoroute 413 et la zone d'analyse cibl\u00e9e.\" itemprop=\"image\" height=\"1939\" width=\"2239\" title=\"Hwy-413-EW-Project-2-Location\" onerror=\"this.style.display='none'\" loading=\"lazy\" \/>\n\t<p>La phase de resurfa\u00e7age du projet n\u00b0 2 des travaux pr\u00e9liminaires d\u00e9but\u00e9 \u00e0 l&rsquo;\u00e9t\u00e9 2025. Les travaux sur le passage souterrain sont planifi\u00e9s pour le d\u00e9but de 2026\/2027.<\/p>\n<p>La phase de resurfa\u00e7age du projet n\u00b0 2 des travaux pr\u00e9liminaires comprend le resurfa\u00e7age de l&rsquo;autoroute 10\/rue Hurontario entre la route Old School et la rue King. Le contrat relatif au passage souterrain comprendra la conception et la construction d&rsquo;un pont sur l&rsquo;autoroute 10 au-dessus de la future autoroute 413. Un d\u00e9tour temporaire sera mis en place pendant les travaux.<\/p>\n<strong>Travaux \u00e0 r\u00e9aliser :<\/strong> Construction d&rsquo;un pont et de remblais au-dessus de l&rsquo;autoroute 413, y compris le resurfa\u00e7age de la chauss\u00e9e de l&rsquo;autoroute 10\/rue Hurontario entre l&rsquo;ancienne route School et la rue King.<br \/>\n<strong>R\u00e9percussions anticip\u00e9es :<\/strong> D\u00e9placement des services publics et r\u00e9fection n\u00e9cessaire de la chauss\u00e9e.\n<h2>\n\t\t\tProjet n\u00b0 3 des travaux pr\u00e9liminaires : passage souterrain de la promenade Bovaird \t<\/h2>\n\t<p>Les travaux devraient d\u00e9buter au printemps 2026.<\/p>\n<p>Le projet n\u00b0 3 des travaux pr\u00e9liminaires comprend la construction d&rsquo;un passage souterrain ainsi que des remblais d&rsquo;acc\u00e8s sur la promenade Bovaird. Il inclut \u00e9galement la reconstruction compl\u00e8te et l&rsquo;\u00e9largissement de la chauss\u00e9e pour ajouter des voies suppl\u00e9mentaires, ainsi que le rehaussement de la promenade Bovaird, depuis la route Heritage jusqu&rsquo;\u00e0 500 m\u00e8tres \u00e0 l&rsquo;ouest de la route Mississauga. Ces travaux sont r\u00e9alis\u00e9s en pr\u00e9vision du futur \u00e9changeur de l&rsquo;autoroute 413 \u00e0 la hauteur de la promenade Bovaird. Ce projet est r\u00e9alis\u00e9 simultan\u00e9ment \u00e0 l&rsquo;am\u00e9lioration des services publics de la r\u00e9gion de Peel le long de la promenade Bovaird. Pendant la dur\u00e9e des travaux, une d\u00e9viation temporaire sera mise en place pour assurer la continuit\u00e9 de la circulation.<\/p>\n<strong>Travaux \u00e0 r\u00e9aliser\u00a0:<\/strong> Construction d&rsquo;un pont et de remblais, y compris l&rsquo;\u00e9largissement de la chauss\u00e9e et le rehaussement du niveau de la promenade Bovaird, depuis la route Heritage jusqu&rsquo;\u00e0 500 m\u00e8tres \u00e0 l&rsquo;ouest de la route Mississauga.<br \/>\n<strong>R\u00e9percussions anticip\u00e9es<\/strong> : Quelques r\u00e9percussions pour les automobilistes, notamment un d\u00e9tour temporaire pendant les travaux.\n\t\t\t\t<img decoding=\"async\" src=\"https:\/\/highway413.ca\/fr\/wp-content\/uploads\/2025\/09\/Hwy-413-EW-Project-3-Location.jpg\" alt=\"Carte indiquant l'emplacement du projet de travaux pr\u00e9liminaires no 3 : passage inf\u00e9rieur de la promenade Bovaird. La carte met en \u00e9vidence les routes Heritage, Bovaird et Mississauga, avec des lignes color\u00e9es repr\u00e9sentant l'alignement pr\u00e9f\u00e9r\u00e9 de l'autoroute 413 (en vert), le trac\u00e9 de l'autoroute (en violet) et la zone d'analyse cibl\u00e9e (en orange).\" itemprop=\"image\" height=\"1934\" width=\"2239\" title=\"Hwy 413 EW Project 3 Location\" onerror=\"this.style.display='none'\" loading=\"lazy\" \/>\n<h3>\n\t\t\tInformations suppl\u00e9mentaires\t<\/h3>\n\t<p>Les \u00e9tudes environnementales et techniques servent de base \u00e0 la conception de ce projet. De plus, le MTO \u00e9valuera les r\u00e9percussions environnementales li\u00e9es \u00e0 la construction des travaux pr\u00e9liminaires et mettra en \u0153uvre des mesures d&rsquo;att\u00e9nuation, le cas \u00e9ch\u00e9ant.<\/p>\n\t<p>Le minist\u00e8re obtiendra \u00e9galement tous les permis et autorisations n\u00e9cessaires, le cas \u00e9ch\u00e9ant, et s&rsquo;acquittera de toutes les obligations de consultation relatives aux travaux pr\u00e9liminaires.<\/p>\n<p>Dans le cadre de notre engagement \u00e0 tenir les communaut\u00e9s inform\u00e9es, des avis de construction seront envoy\u00e9s aux r\u00e9sidents, aux entreprises, aux municipalit\u00e9s et aux communaut\u00e9s autochtones se trouvant \u00e0 proximit\u00e9, afin de leur pr\u00e9senter les activit\u00e9s \u00e0 venir, les r\u00e9percussions attendues (telles que le bruit, la circulation ou les changements d&rsquo;acc\u00e8s), les \u00e9ch\u00e9anciers et les personnes-ressources \u00e0 contacter pour toute question ou pr\u00e9occupation. Ces avis sont \u00e9galement disponibles ci-dessous.<\/p>\n\t\t\t<a href=\"https:\/\/highway413.ca\/fr\/wp-content\/uploads\/2025\/09\/Avis-de-construction-dun-remblai.pdf\" target=\"_self\">\n\t\t\t\t\t\t\tAvis de construction du projet no 1 des travaux pr\u00e9liminaires\n\t\t\t\t\t<\/a>\n\t<p>Conform\u00e9ment \u00e0 la disposition sp\u00e9ciale n\u00b0 199F33, des avis seront distribu\u00e9s \u00e0 la premi\u00e8re rang\u00e9e de r\u00e9sidences situ\u00e9es sur l&rsquo;avenue Steeles et la route Tenth Line. Cette disposition sp\u00e9ciale d\u00e9crit les exigences relatives au contr\u00f4le du bruit g\u00e9n\u00e9r\u00e9 par les activit\u00e9s de l&rsquo;entrepreneur. Les restrictions en mati\u00e8re de bruit dans les zones sensibles au bruit seront respect\u00e9es afin de minimiser les perturbations pour les r\u00e9sidents \u00e0 proximit\u00e9.<\/p>\n\n","protected":false},"excerpt":{"rendered":"<p>English Travaux pr\u00e9liminaires Travaux pr\u00e9liminaires &#8211; Activit\u00e9s de construction Les travaux pr\u00e9liminaires sont les initiatives ou les projets qui ont lieu au d\u00e9but du processus de construction afin de jeter les bases de nombreuses activit\u00e9s de construction qui suivront. Les projets de travaux pr\u00e9liminaires li\u00e9s \u00e0 l&rsquo;autoroute 413 sont d\u00e9finis dans la Loi sur l&rsquo;autoroute &#8230; <\/p>\n<p class=\"read-more-container\"><a title=\"Travaux pr\u00e9liminaires \u2013 Activit\u00e9s de construction\" class=\"read-more button\" href=\"https:\/\/highway413.ca\/fr\/travaux-preliminaires\/#more-4923\" aria-label=\"Read more about Travaux pr\u00e9liminaires \u2013 Activit\u00e9s de construction\">Read more<\/a><\/p>\n","protected":false},"author":14,"featured_media":0,"parent":0,"menu_order":15,"comment_status":"closed","ping_status":"closed","template":"","meta":{"footnotes":""},"folder":[],"class_list":["post-4923","page","type-page","status-publish"],"yoast_head":"<!-- This site is optimized with the Yoast SEO plugin v27.4 - https:\/\/yoast.com\/product\/yoast-seo-wordpress\/ -->\n<title>Travaux pr\u00e9liminaires \u2013 Activit\u00e9s de construction - Autoroute\u202f413<\/title>\n<meta name=\"description\" content=\"D\u00e9couvrez les avantages du projet de l&#039;autoroute 413, y compris l&#039;am\u00e9lioration des transports, la croissance \u00e9conomique et les r\u00e9ductions de congestion.\" \/>\n<meta name=\"robots\" content=\"index, follow, max-snippet:-1, max-image-preview:large, max-video-preview:-1\" \/>\n<link rel=\"canonical\" href=\"https:\/\/highway413.ca\/fr\/travaux-preliminaires\/\" \/>\n<meta property=\"og:locale\" content=\"fr_CA\" \/>\n<meta property=\"og:type\" content=\"article\" \/>\n<meta property=\"og:title\" content=\"Travaux pr\u00e9liminaires \u2013 Activit\u00e9s de construction - Autoroute\u202f413\" \/>\n<meta property=\"og:description\" content=\"D\u00e9couvrez les avantages du projet de l&#039;autoroute 413, y compris l&#039;am\u00e9lioration des transports, la croissance \u00e9conomique et les r\u00e9ductions de congestion.\" \/>\n<meta property=\"og:url\" content=\"https:\/\/highway413.ca\/fr\/travaux-preliminaires\/\" \/>\n<meta property=\"og:site_name\" content=\"Autoroute\u202f413\" \/>\n<meta property=\"article:modified_time\" content=\"2026-01-09T21:30:36+00:00\" \/>\n<meta property=\"og:image\" content=\"https:\/\/highway413.ca\/fr\/wp-content\/uploads\/2025\/12\/Map-EarlyWorks-FR-12-05-2025.jpg\" \/>\n<meta name=\"twitter:card\" content=\"summary_large_image\" \/>\n<meta name=\"twitter:label1\" content=\"Estimation du temps de lecture\" \/>\n\t<meta name=\"twitter:data1\" content=\"4 minutes\" \/>\n<script type=\"application\/ld+json\" class=\"yoast-schema-graph\">{\"@context\":\"https:\\\/\\\/schema.org\",\"@graph\":[{\"@type\":\"WebPage\",\"@id\":\"https:\\\/\\\/highway413.ca\\\/fr\\\/travaux-preliminaires\\\/\",\"url\":\"https:\\\/\\\/highway413.ca\\\/fr\\\/travaux-preliminaires\\\/\",\"name\":\"Travaux pr\u00e9liminaires \u2013 Activit\u00e9s de construction - Autoroute\u202f413\",\"isPartOf\":{\"@id\":\"https:\\\/\\\/highway413.ca\\\/fr\\\/#website\"},\"primaryImageOfPage\":{\"@id\":\"https:\\\/\\\/highway413.ca\\\/fr\\\/travaux-preliminaires\\\/#primaryimage\"},\"image\":{\"@id\":\"https:\\\/\\\/highway413.ca\\\/fr\\\/travaux-preliminaires\\\/#primaryimage\"},\"thumbnailUrl\":\"https:\\\/\\\/highway413.ca\\\/fr\\\/wp-content\\\/uploads\\\/2025\\\/12\\\/Map-EarlyWorks-FR-12-05-2025.jpg\",\"datePublished\":\"2025-08-25T15:55:56+00:00\",\"dateModified\":\"2026-01-09T21:30:36+00:00\",\"description\":\"D\u00e9couvrez les avantages du projet de l'autoroute 413, y compris l'am\u00e9lioration des transports, la croissance \u00e9conomique et les r\u00e9ductions de congestion.\",\"breadcrumb\":{\"@id\":\"https:\\\/\\\/highway413.ca\\\/fr\\\/travaux-preliminaires\\\/#breadcrumb\"},\"inLanguage\":\"fr-CA\",\"potentialAction\":[{\"@type\":\"ReadAction\",\"target\":[\"https:\\\/\\\/highway413.ca\\\/fr\\\/travaux-preliminaires\\\/\"]}]},{\"@type\":\"ImageObject\",\"inLanguage\":\"fr-CA\",\"@id\":\"https:\\\/\\\/highway413.ca\\\/fr\\\/travaux-preliminaires\\\/#primaryimage\",\"url\":\"https:\\\/\\\/highway413.ca\\\/fr\\\/wp-content\\\/uploads\\\/2025\\\/12\\\/Map-EarlyWorks-FR-12-05-2025.jpg\",\"contentUrl\":\"https:\\\/\\\/highway413.ca\\\/fr\\\/wp-content\\\/uploads\\\/2025\\\/12\\\/Map-EarlyWorks-FR-12-05-2025.jpg\"},{\"@type\":\"BreadcrumbList\",\"@id\":\"https:\\\/\\\/highway413.ca\\\/fr\\\/travaux-preliminaires\\\/#breadcrumb\",\"itemListElement\":[{\"@type\":\"ListItem\",\"position\":1,\"name\":\"Home\",\"item\":\"https:\\\/\\\/highway413.ca\\\/fr\\\/\"},{\"@type\":\"ListItem\",\"position\":2,\"name\":\"Travaux pr\u00e9liminaires \u2013 Activit\u00e9s de construction\"}]},{\"@type\":\"WebSite\",\"@id\":\"https:\\\/\\\/highway413.ca\\\/fr\\\/#website\",\"url\":\"https:\\\/\\\/highway413.ca\\\/fr\\\/\",\"name\":\"Highway 413\",\"description\":\"\",\"publisher\":{\"@id\":\"https:\\\/\\\/highway413.ca\\\/fr\\\/#organization\"},\"potentialAction\":[{\"@type\":\"SearchAction\",\"target\":{\"@type\":\"EntryPoint\",\"urlTemplate\":\"https:\\\/\\\/highway413.ca\\\/fr\\\/?s={search_term_string}\"},\"query-input\":{\"@type\":\"PropertyValueSpecification\",\"valueRequired\":true,\"valueName\":\"search_term_string\"}}],\"inLanguage\":\"fr-CA\"},{\"@type\":\"Organization\",\"@id\":\"https:\\\/\\\/highway413.ca\\\/fr\\\/#organization\",\"name\":\"Highway 413\",\"url\":\"https:\\\/\\\/highway413.ca\\\/fr\\\/\",\"logo\":{\"@type\":\"ImageObject\",\"inLanguage\":\"fr-CA\",\"@id\":\"https:\\\/\\\/highway413.ca\\\/fr\\\/#\\\/schema\\\/logo\\\/image\\\/\",\"url\":\"https:\\\/\\\/highway413.ca\\\/fr\\\/wp-content\\\/uploads\\\/2024\\\/12\\\/cropped-413-fr-logo.png\",\"contentUrl\":\"https:\\\/\\\/highway413.ca\\\/fr\\\/wp-content\\\/uploads\\\/2024\\\/12\\\/cropped-413-fr-logo.png\",\"width\":1276,\"height\":271,\"caption\":\"Highway 413\"},\"image\":{\"@id\":\"https:\\\/\\\/highway413.ca\\\/fr\\\/#\\\/schema\\\/logo\\\/image\\\/\"}}]}<\/script>\n<!-- \/ Yoast SEO plugin. -->","yoast_head_json":{"title":"Travaux pr\u00e9liminaires \u2013 Activit\u00e9s de construction - Autoroute\u202f413","description":"D\u00e9couvrez les avantages du projet de l'autoroute 413, y compris l'am\u00e9lioration des transports, la croissance \u00e9conomique et les r\u00e9ductions de congestion.","robots":{"index":"index","follow":"follow","max-snippet":"max-snippet:-1","max-image-preview":"max-image-preview:large","max-video-preview":"max-video-preview:-1"},"canonical":"https:\/\/highway413.ca\/fr\/travaux-preliminaires\/","og_locale":"fr_CA","og_type":"article","og_title":"Travaux pr\u00e9liminaires \u2013 Activit\u00e9s de construction - Autoroute\u202f413","og_description":"D\u00e9couvrez les avantages du projet de l'autoroute 413, y compris l'am\u00e9lioration des transports, la croissance \u00e9conomique et les r\u00e9ductions de congestion.","og_url":"https:\/\/highway413.ca\/fr\/travaux-preliminaires\/","og_site_name":"Autoroute\u202f413","article_modified_time":"2026-01-09T21:30:36+00:00","og_image":[{"url":"https:\/\/highway413.ca\/fr\/wp-content\/uploads\/2025\/12\/Map-EarlyWorks-FR-12-05-2025.jpg","type":"","width":"","height":""}],"twitter_card":"summary_large_image","twitter_misc":{"Estimation du temps de lecture":"4 minutes"},"schema":{"@context":"https:\/\/schema.org","@graph":[{"@type":"WebPage","@id":"https:\/\/highway413.ca\/fr\/travaux-preliminaires\/","url":"https:\/\/highway413.ca\/fr\/travaux-preliminaires\/","name":"Travaux pr\u00e9liminaires \u2013 Activit\u00e9s de construction - Autoroute\u202f413","isPartOf":{"@id":"https:\/\/highway413.ca\/fr\/#website"},"primaryImageOfPage":{"@id":"https:\/\/highway413.ca\/fr\/travaux-preliminaires\/#primaryimage"},"image":{"@id":"https:\/\/highway413.ca\/fr\/travaux-preliminaires\/#primaryimage"},"thumbnailUrl":"https:\/\/highway413.ca\/fr\/wp-content\/uploads\/2025\/12\/Map-EarlyWorks-FR-12-05-2025.jpg","datePublished":"2025-08-25T15:55:56+00:00","dateModified":"2026-01-09T21:30:36+00:00","description":"D\u00e9couvrez les avantages du projet de l'autoroute 413, y compris l'am\u00e9lioration des transports, la croissance \u00e9conomique et les r\u00e9ductions de congestion.","breadcrumb":{"@id":"https:\/\/highway413.ca\/fr\/travaux-preliminaires\/#breadcrumb"},"inLanguage":"fr-CA","potentialAction":[{"@type":"ReadAction","target":["https:\/\/highway413.ca\/fr\/travaux-preliminaires\/"]}]},{"@type":"ImageObject","inLanguage":"fr-CA","@id":"https:\/\/highway413.ca\/fr\/travaux-preliminaires\/#primaryimage","url":"https:\/\/highway413.ca\/fr\/wp-content\/uploads\/2025\/12\/Map-EarlyWorks-FR-12-05-2025.jpg","contentUrl":"https:\/\/highway413.ca\/fr\/wp-content\/uploads\/2025\/12\/Map-EarlyWorks-FR-12-05-2025.jpg"},{"@type":"BreadcrumbList","@id":"https:\/\/highway413.ca\/fr\/travaux-preliminaires\/#breadcrumb","itemListElement":[{"@type":"ListItem","position":1,"name":"Home","item":"https:\/\/highway413.ca\/fr\/"},{"@type":"ListItem","position":2,"name":"Travaux pr\u00e9liminaires \u2013 Activit\u00e9s de construction"}]},{"@type":"WebSite","@id":"https:\/\/highway413.ca\/fr\/#website","url":"https:\/\/highway413.ca\/fr\/","name":"Highway 413","description":"","publisher":{"@id":"https:\/\/highway413.ca\/fr\/#organization"},"potentialAction":[{"@type":"SearchAction","target":{"@type":"EntryPoint","urlTemplate":"https:\/\/highway413.ca\/fr\/?s={search_term_string}"},"query-input":{"@type":"PropertyValueSpecification","valueRequired":true,"valueName":"search_term_string"}}],"inLanguage":"fr-CA"},{"@type":"Organization","@id":"https:\/\/highway413.ca\/fr\/#organization","name":"Highway 413","url":"https:\/\/highway413.ca\/fr\/","logo":{"@type":"ImageObject","inLanguage":"fr-CA","@id":"https:\/\/highway413.ca\/fr\/#\/schema\/logo\/image\/","url":"https:\/\/highway413.ca\/fr\/wp-content\/uploads\/2024\/12\/cropped-413-fr-logo.png","contentUrl":"https:\/\/highway413.ca\/fr\/wp-content\/uploads\/2024\/12\/cropped-413-fr-logo.png","width":1276,"height":271,"caption":"Highway 413"},"image":{"@id":"https:\/\/highway413.ca\/fr\/#\/schema\/logo\/image\/"}}]}},"_links":{"self":[{"href":"https:\/\/highway413.ca\/fr\/wp-json\/wp\/v2\/pages\/4923","targetHints":{"allow":["GET"]}}],"collection":[{"href":"https:\/\/highway413.ca\/fr\/wp-json\/wp\/v2\/pages"}],"about":[{"href":"https:\/\/highway413.ca\/fr\/wp-json\/wp\/v2\/types\/page"}],"author":[{"embeddable":true,"href":"https:\/\/highway413.ca\/fr\/wp-json\/wp\/v2\/users\/14"}],"replies":[{"embeddable":true,"href":"https:\/\/highway413.ca\/fr\/wp-json\/wp\/v2\/comments?post=4923"}],"version-history":[{"count":11,"href":"https:\/\/highway413.ca\/fr\/wp-json\/wp\/v2\/pages\/4923\/revisions"}],"predecessor-version":[{"id":5077,"href":"https:\/\/highway413.ca\/fr\/wp-json\/wp\/v2\/pages\/4923\/revisions\/5077"}],"wp:attachment":[{"href":"https:\/\/highway413.ca\/fr\/wp-json\/wp\/v2\/media?parent=4923"}],"wp:term":[{"taxonomy":"folder","embeddable":true,"href":"https:\/\/highway413.ca\/fr\/wp-json\/wp\/v2\/folder?post=4923"}],"curies":[{"name":"wp","href":"https:\/\/api.w.org\/{rel}","templated":true}]}}