{"id":5058,"date":"2025-12-18T15:55:05","date_gmt":"2025-12-18T20:55:05","guid":{"rendered":"https:\/\/highway413.ca\/fr\/?page_id=5058"},"modified":"2026-03-04T11:37:28","modified_gmt":"2026-03-04T16:37:28","slug":"ressources","status":"publish","type":"page","link":"https:\/\/highway413.ca\/fr\/ressources\/","title":{"rendered":"Ressources"},"content":{"rendered":"\n\n\t<a href=\"https:\/\/highway413.ca\/en\/resources\/\" target=\"_self\" role=\"button\" aria-label=\"English\">\n\t\t\t\t\t\tEnglish\n\t\t\t\t\t<\/a>\n\t\t<h1>\n\t\t\tRessources \n\t\t<\/h1>\n\t<p>Voici quelques ressources pour ceux qui souhaitent en savoir davantage sur l&rsquo;autoroute.<\/p>\n\t<a href=\"https:\/\/www.hcms.mto.gov.on.ca\/\" target=\"_blank\" role=\"button\" rel=\"noopener\" aria-label=\"Exigences du minist\u00e8re des Transports de l'Ontario concernant la gestion des corridors routiers et le contr\u00f4le des permis.\">\n\t\t\t\t\t\tExigences du minist\u00e8re des Transports de l&rsquo;Ontario concernant la gestion des corridors routiers et le contr\u00f4le des permis.\n\t\t\t\t\t<\/a>\n\t<a href=\"https:\/\/ero.ontario.ca\/fr\/notice\/025-1133\" target=\"_blank\" role=\"button\" rel=\"noopener\" aria-label=\"Minist\u00e8re de l'\u00c9nergie et des Mines - Corridor de transport d'\u00e9lectricit\u00e9 du nord-ouest de la RGT\">\n\t\t\t\t\t\tMinist\u00e8re de l&rsquo;\u00c9nergie et des Mines &#8211; Corridor de transport d&rsquo;\u00e9lectricit\u00e9 du nord-ouest de la RGT\n\t\t\t\t\t<\/a>\n\t<a href=\"https:\/\/www.ontario.ca\/lois\/loi\/24h25#BK7\" target=\"_blank\" role=\"button\" rel=\"noopener\" aria-label=\"Loi sur l'autoroute 413\">\n\t\t\t\t\t\tLoi sur l&rsquo;autoroute 413\n\t\t\t\t\t<\/a>\n\t<a href=\"https:\/\/www.ontario.ca\/fr\/document\/en-plein-essor-plan-de-croissance-de-la-region-elargie-du-golden-horseshoe\" target=\"_blank\" role=\"button\" rel=\"noopener\" aria-label=\"En plein essor : Plan de croissance de la r\u00e9gion \u00e9largie du Golden Horseshoe\">\n\t\t\t\t\t\tEn plein essor : Plan de croissance de la r\u00e9gion \u00e9largie du Golden Horseshoe\n\t\t\t\t\t<\/a>\n<figure itemscope itemtype=\"https:\/\/schema.org\/ImageObject\">\n\t\t\t\t<img decoding=\"async\" src=\"https:\/\/highway413.ca\/fr\/wp-content\/uploads\/2024\/12\/AdobeStock_332992656-scaled.jpeg\" alt=\"Une personne en costume et cravate bleue utilise son index pour arr\u00eater une rang\u00e9e de dominos en bois en train de tomber. Le domino touch\u00e9 est mis en \u00e9vidence en jaune pour souligner l'action.\" height=\"1595\" width=\"2560\" title=\"AdobeStock_332992656\" onerror=\"this.style.display='none'\" loading=\"lazy\" \/>\n\t<\/figure>\n<h2>\n\t\t\tModule de t\u00e9l\u00e9chargement de fichiers de forme\t<\/h2>\n\t<p>Les Shapefiles sont un format de donn\u00e9es g\u00e9ospatiales utilis\u00e9 dans les syst\u00e8mes d&rsquo;information g\u00e9ographique (SIG) pour stocker l&#8217;emplacement, la g\u00e9om\u00e9trie et les caract\u00e9ristiques des \u00e9l\u00e9ments g\u00e9ographiques. Ils sont couramment utilis\u00e9s par les urbanistes, les ing\u00e9nieurs et d&rsquo;autres professionnels pour la cartographie, l&rsquo;analyse et la visualisation. Avant de t\u00e9l\u00e9charger et d&rsquo;utiliser ces fichiers, le MTO exige des utilisateurs qu&rsquo;ils acceptent les conditions g\u00e9n\u00e9rales confirmant que les donn\u00e9es sont provisoires et susceptibles d&rsquo;\u00eatre modifies.<\/p>\n<figure itemscope itemtype=\"https:\/\/schema.org\/ImageObject\">\n\t\t\t\t<a href=\"https:\/\/highway413.ca\/fr\/wp-content\/uploads\/2024\/12\/Image-2.png\"  target=\"_self\" itemprop=\"url\">\n\t\t\t\t<img decoding=\"async\" src=\"https:\/\/highway413.ca\/fr\/wp-content\/uploads\/2024\/12\/Image-2.png\" alt=\"Installation de chantier avec deux casques de s\u00e9curit\u00e9 bleus pos\u00e9s sur des plans architecturaux, entour\u00e9s d'outils tels qu'un m\u00e8tre ruban et un niveau, avec des \u00e9chafaudages et des structures visibles en arri\u00e8re-plan.\" height=\"602\" width=\"1728\" title=\"Image (2)\" onerror=\"this.style.display='none'\" loading=\"lazy\" \/>\n\t\t\t\t<\/a>\n\t\t\n\t<\/figure>\n    <form id=\"wpforms-form-5065\" data-formid=\"5065\" method=\"post\" enctype=\"multipart\/form-data\" action=\"\/fr\/?page_id=5058&#038;fl_builder\" data-token=\"9fbdf3ba3e97bca941d7906ad4363d61\" data-token-time=\"1772642248\">Please enable JavaScript in your browser to complete this form.\t\t\n\t\t\t<label for=\"wpforms-5065-field_1\">au Consentement t\u00e9l\u00e9chargement<\/label>\n\t\t\t<input type=\"text\" id=\"wpforms-5065-field_1\" name=\"wpforms[fields][1]\"\/>\n\t\t<label>Consentement au t\u00e9l\u00e9chargement *<\/label><ul id=\"wpforms-5065-field_5\"><li><input type=\"checkbox\" id=\"wpforms-5065-field_5_1\" name=\"wpforms[fields][5][]\" value=\"J&#039;ai lu et compris le texte ci-dessous. Je reconnais qu&#039;en continuant, j&#039;accepte les conditions \u00e9nonc\u00e9es et j&#039;accepte de t\u00e9l\u00e9charger les fichiers dans ces conditions.*\" required\/><label for=\"wpforms-5065-field_5_1\">J&rsquo;ai lu et compris le texte ci-dessous. Je reconnais qu&rsquo;en continuant, j&rsquo;accepte les conditions \u00e9nonc\u00e9es et j&rsquo;accepte de t\u00e9l\u00e9charger les fichiers dans ces conditions.*<\/label><\/li><\/ul>L&rsquo;exactitude de ces cartes est valable jusqu&rsquo;au 1er d\u00e9cembre 2025 et repose sur la conception pr\u00e9liminaire refl\u00e9t\u00e9e dans le rapport d&rsquo;\u00e9valuation des r\u00e9percussions environnementales, qui a \u00e9t\u00e9 pr\u00e9par\u00e9 conform\u00e9ment au processus d\u00e9fini dans la loi de 2024 sur l&rsquo;autoroute 413 et \u00e0 la d\u00e9signation de l&rsquo;autoroute en vertu de la loi sur l&rsquo;am\u00e9nagement des voies publiques et des transports en commun. Ces cartes et les informations qu&rsquo;elles contiennent sont fournies \u00ab telles quelles \u00bb, sans aucune d\u00e9claration ni garantie d&rsquo;aucune sorte. Le projet routier est en phase de conception et ces cartes et les informations qu&rsquo;elles contiennent sont provisoires et peuvent \u00eatre modifi\u00e9es sans pr\u00e9avis, \u00e0 la seule et enti\u00e8re discr\u00e9tion de l&rsquo;Ontario. L&rsquo;Ontario n&rsquo;assume aucune responsabilit\u00e9 de quelque nature que ce soit pour les dommages qui pourraient \u00eatre subis de quelque mani\u00e8re que ce soit en rapport avec ces cartes ou les informations qu&rsquo;elles contiennent.<!-- .wpforms-field-container --><input type=\"hidden\" name=\"wpforms[id]\" value=\"5065\"\/>\t\t\t<input type=\"hidden\"\n\t\t\t\tname=\"wpforms[nonce]\"\n\t\t\t\tvalue=\"dc8eae8f8b\"\n\t\t\t\/>\n\t\t\t<input type=\"hidden\" name=\"page_title\" value=\"Ressources\"\/><input type=\"hidden\" name=\"page_url\" value=\"https:\/\/highway413.ca\/fr\/?page_id=5058&#038;fl_builder\"\/><input type=\"hidden\" name=\"url_referer\" value=\"\"\/><input type=\"hidden\" name=\"page_id\" value=\"5058\"\/><input type=\"hidden\" name=\"wpforms[post_id]\" value=\"5058\"\/><button type=\"submit\" name=\"wpforms[submit]\" id=\"wpforms-submit-5065\" data-alt-text=\"Envoi...\" data-submit-text=\"T\u00e9l\u00e9charger\" aria-live=\"assertive\" value=\"wpforms-submit\">T\u00e9l\u00e9charger<\/button><img loading=\"lazy\" decoding=\"async\" src=\"https:\/\/highway413.ca\/fr\/wp-content\/plugins\/wpforms\/assets\/images\/submit-spin.svg\" width=\"26\" height=\"26\" alt=\"Loading\"\/><\/form>  <!-- .wpforms-container -->\n<figure itemscope itemtype=\"https:\/\/schema.org\/ImageObject\">\n\t\t\t\t<img decoding=\"async\" src=\"https:\/\/highway413.ca\/fr\/wp-content\/uploads\/2024\/06\/HWY401-scaled.jpeg\" alt=\"Autoroute tr\u00e8s fr\u00e9quent\u00e9e \u00e0 plusieurs voies avec des voitures et des camions circulant dans les deux sens. Le soleil se l\u00e8ve ou se couche derri\u00e8re la silhouette lointaine d&#039;une ville, avec des arbres bordant la route.\" height=\"1820\" width=\"2560\" title=\"View of Highway 401 in Toronto Canada  at the sun\" onerror=\"this.style.display='none'\" loading=\"lazy\" \/>\n\t<\/figure>\n<h2>\n\t\t\tCentre d&rsquo;information de l&rsquo;autoroute 413\t<\/h2>\n\t<p>Visitez le\u00a0<strong>Centre d&rsquo;information sur l&rsquo;autoroute 413\u00a0<\/strong>pour obtenir plus d&rsquo;informations sur l&rsquo;\u00e9laboration de la conception pr\u00e9liminaire, y compris un r\u00e9sum\u00e9 des \u00e9tudes environnementales et une carte interactive pour explorer plus en d\u00e9tail l&rsquo;autoroute 413.<\/p>\n\t\t\t<a href=\"https:\/\/vohmtohwy413fr.z27.web.core.windows.net\/\"  target=\"_self\">\n\t\t\t\t\t\t\tD\u00e9couvrez le centre d&rsquo;information\n\t\t\t<\/a>\n<figure itemscope itemtype=\"https:\/\/schema.org\/ImageObject\">\n\t\t\t\t<img decoding=\"async\" src=\"https:\/\/highway413.ca\/fr\/wp-content\/uploads\/2025\/12\/Corridor-management-map.jpg\" alt=\"Une carte satellite montrant l'emprise de l'autoroute 413. Les principales routes, telles que l'autoroute 410, l'autoroute 401 et la rue Hurontario, sont indiqu\u00e9es.\" height=\"1357\" width=\"1920\" title=\"Corridor-management-map\" onerror=\"this.style.display='none'\" loading=\"lazy\" \/>\n\t<\/figure>\n<h2>\n\t\t\tD\u00e9couvrez la conception pr\u00e9liminaire du corridor de transport gr\u00e2ce \u00e0 la carte interactive de l&rsquo;autoroute 413*\t<\/h2>\n\t<p>* L&rsquo;exactitude de ces cartes s&rsquo;\u00e9tend jusqu&rsquo;au 1er d\u00e9cembre 2025 et repose sur la conception pr\u00e9liminaire refl\u00e9t\u00e9e dans le rapport pr\u00e9liminaire d&rsquo;\u00e9valuation des r\u00e9percussions environnementales, qui a \u00e9t\u00e9 pr\u00e9par\u00e9 conform\u00e9ment au processus d\u00e9fini dans la Loi sur l&rsquo;autoroute 413 et \u00e0 la d\u00e9signation de l&rsquo;autoroute en vertu de la Loi sur l&rsquo;am\u00e9nagement des voies publiques et des transports en commun.<\/p>\n\t\t\t<a href=\"https:\/\/experience.arcgis.com\/experience\/17ce2ca78f7c49ac82e8a7e6c6780264\/page\/Interactive-Map?draft=true\"  target=\"_self\">\n\t\t\t\t\t\t\tD\u00e9couvrez le centre d&rsquo;information\n\t\t\t<\/a>\n\n","protected":false},"excerpt":{"rendered":"<p>English Ressources Voici quelques ressources pour ceux qui souhaitent en savoir davantage sur l&rsquo;autoroute. Exigences du minist\u00e8re des Transports de l&rsquo;Ontario concernant la gestion des corridors routiers et le contr\u00f4le des permis. Minist\u00e8re de l&rsquo;\u00c9nergie et des Mines &#8211; Corridor de transport d&rsquo;\u00e9lectricit\u00e9 du nord-ouest de la RGT Loi sur l&rsquo;autoroute 413 En plein essor &#8230; <\/p>\n<p class=\"read-more-container\"><a title=\"Ressources\" class=\"read-more button\" href=\"https:\/\/highway413.ca\/fr\/ressources\/#more-5058\" aria-label=\"Read more about Ressources\">Read more<\/a><\/p>\n","protected":false},"author":14,"featured_media":0,"parent":0,"menu_order":15,"comment_status":"closed","ping_status":"closed","template":"","meta":{"footnotes":""},"folder":[],"class_list":["post-5058","page","type-page","status-publish"],"yoast_head":"<!-- This site is optimized with the Yoast SEO plugin v27.4 - https:\/\/yoast.com\/product\/yoast-seo-wordpress\/ -->\n<title>Ressources - Autoroute\u202f413<\/title>\n<meta name=\"description\" content=\"D\u00e9couvrez les avantages du projet de l&#039;autoroute 413, y compris l&#039;am\u00e9lioration des transports, la croissance \u00e9conomique et les r\u00e9ductions de congestion.\" \/>\n<meta name=\"robots\" content=\"index, follow, max-snippet:-1, max-image-preview:large, max-video-preview:-1\" \/>\n<link rel=\"canonical\" href=\"https:\/\/highway413.ca\/fr\/ressources\/\" \/>\n<meta property=\"og:locale\" content=\"fr_CA\" \/>\n<meta property=\"og:type\" content=\"article\" \/>\n<meta property=\"og:title\" content=\"Ressources - Autoroute\u202f413\" \/>\n<meta property=\"og:description\" content=\"D\u00e9couvrez les avantages du projet de l&#039;autoroute 413, y compris l&#039;am\u00e9lioration des transports, la croissance \u00e9conomique et les r\u00e9ductions de congestion.\" \/>\n<meta property=\"og:url\" content=\"https:\/\/highway413.ca\/fr\/ressources\/\" \/>\n<meta property=\"og:site_name\" content=\"Autoroute\u202f413\" \/>\n<meta property=\"article:modified_time\" content=\"2026-03-04T16:37:28+00:00\" \/>\n<meta property=\"og:image\" content=\"https:\/\/highway413.ca\/fr\/wp-content\/uploads\/2024\/12\/AdobeStock_332992656-scaled.jpeg\" \/>\n<meta name=\"twitter:card\" content=\"summary_large_image\" \/>\n<meta name=\"twitter:label1\" content=\"Estimation du temps de lecture\" \/>\n\t<meta name=\"twitter:data1\" content=\"4 minutes\" \/>\n<script type=\"application\/ld+json\" class=\"yoast-schema-graph\">{\"@context\":\"https:\\\/\\\/schema.org\",\"@graph\":[{\"@type\":\"WebPage\",\"@id\":\"https:\\\/\\\/highway413.ca\\\/fr\\\/ressources\\\/\",\"url\":\"https:\\\/\\\/highway413.ca\\\/fr\\\/ressources\\\/\",\"name\":\"Ressources - Autoroute\u202f413\",\"isPartOf\":{\"@id\":\"https:\\\/\\\/highway413.ca\\\/fr\\\/#website\"},\"primaryImageOfPage\":{\"@id\":\"https:\\\/\\\/highway413.ca\\\/fr\\\/ressources\\\/#primaryimage\"},\"image\":{\"@id\":\"https:\\\/\\\/highway413.ca\\\/fr\\\/ressources\\\/#primaryimage\"},\"thumbnailUrl\":\"https:\\\/\\\/highway413.ca\\\/fr\\\/wp-content\\\/uploads\\\/2024\\\/12\\\/AdobeStock_332992656-scaled.jpeg\",\"datePublished\":\"2025-12-18T20:55:05+00:00\",\"dateModified\":\"2026-03-04T16:37:28+00:00\",\"description\":\"D\u00e9couvrez les avantages du projet de l'autoroute 413, y compris l'am\u00e9lioration des transports, la croissance \u00e9conomique et les r\u00e9ductions de congestion.\",\"breadcrumb\":{\"@id\":\"https:\\\/\\\/highway413.ca\\\/fr\\\/ressources\\\/#breadcrumb\"},\"inLanguage\":\"fr-CA\",\"potentialAction\":[{\"@type\":\"ReadAction\",\"target\":[\"https:\\\/\\\/highway413.ca\\\/fr\\\/ressources\\\/\"]}]},{\"@type\":\"ImageObject\",\"inLanguage\":\"fr-CA\",\"@id\":\"https:\\\/\\\/highway413.ca\\\/fr\\\/ressources\\\/#primaryimage\",\"url\":\"https:\\\/\\\/highway413.ca\\\/fr\\\/wp-content\\\/uploads\\\/2024\\\/12\\\/AdobeStock_332992656-scaled.jpeg\",\"contentUrl\":\"https:\\\/\\\/highway413.ca\\\/fr\\\/wp-content\\\/uploads\\\/2024\\\/12\\\/AdobeStock_332992656-scaled.jpeg\",\"width\":2560,\"height\":1595,\"caption\":\"Une personne en costume et cravate bleue utilise son index pour arr\u00eater une rang\u00e9e de dominos en bois en train de tomber. Le domino touch\u00e9 est mis en \u00e9vidence en jaune pour souligner l\u2019action.\"},{\"@type\":\"BreadcrumbList\",\"@id\":\"https:\\\/\\\/highway413.ca\\\/fr\\\/ressources\\\/#breadcrumb\",\"itemListElement\":[{\"@type\":\"ListItem\",\"position\":1,\"name\":\"Home\",\"item\":\"https:\\\/\\\/highway413.ca\\\/fr\\\/\"},{\"@type\":\"ListItem\",\"position\":2,\"name\":\"Ressources\"}]},{\"@type\":\"WebSite\",\"@id\":\"https:\\\/\\\/highway413.ca\\\/fr\\\/#website\",\"url\":\"https:\\\/\\\/highway413.ca\\\/fr\\\/\",\"name\":\"Highway 413\",\"description\":\"\",\"publisher\":{\"@id\":\"https:\\\/\\\/highway413.ca\\\/fr\\\/#organization\"},\"potentialAction\":[{\"@type\":\"SearchAction\",\"target\":{\"@type\":\"EntryPoint\",\"urlTemplate\":\"https:\\\/\\\/highway413.ca\\\/fr\\\/?s={search_term_string}\"},\"query-input\":{\"@type\":\"PropertyValueSpecification\",\"valueRequired\":true,\"valueName\":\"search_term_string\"}}],\"inLanguage\":\"fr-CA\"},{\"@type\":\"Organization\",\"@id\":\"https:\\\/\\\/highway413.ca\\\/fr\\\/#organization\",\"name\":\"Highway 413\",\"url\":\"https:\\\/\\\/highway413.ca\\\/fr\\\/\",\"logo\":{\"@type\":\"ImageObject\",\"inLanguage\":\"fr-CA\",\"@id\":\"https:\\\/\\\/highway413.ca\\\/fr\\\/#\\\/schema\\\/logo\\\/image\\\/\",\"url\":\"https:\\\/\\\/highway413.ca\\\/fr\\\/wp-content\\\/uploads\\\/2024\\\/12\\\/cropped-413-fr-logo.png\",\"contentUrl\":\"https:\\\/\\\/highway413.ca\\\/fr\\\/wp-content\\\/uploads\\\/2024\\\/12\\\/cropped-413-fr-logo.png\",\"width\":1276,\"height\":271,\"caption\":\"Highway 413\"},\"image\":{\"@id\":\"https:\\\/\\\/highway413.ca\\\/fr\\\/#\\\/schema\\\/logo\\\/image\\\/\"}}]}<\/script>\n<!-- \/ Yoast SEO plugin. -->","yoast_head_json":{"title":"Ressources - Autoroute\u202f413","description":"D\u00e9couvrez les avantages du projet de l'autoroute 413, y compris l'am\u00e9lioration des transports, la croissance \u00e9conomique et les r\u00e9ductions de congestion.","robots":{"index":"index","follow":"follow","max-snippet":"max-snippet:-1","max-image-preview":"max-image-preview:large","max-video-preview":"max-video-preview:-1"},"canonical":"https:\/\/highway413.ca\/fr\/ressources\/","og_locale":"fr_CA","og_type":"article","og_title":"Ressources - Autoroute\u202f413","og_description":"D\u00e9couvrez les avantages du projet de l'autoroute 413, y compris l'am\u00e9lioration des transports, la croissance \u00e9conomique et les r\u00e9ductions de congestion.","og_url":"https:\/\/highway413.ca\/fr\/ressources\/","og_site_name":"Autoroute\u202f413","article_modified_time":"2026-03-04T16:37:28+00:00","og_image":[{"url":"https:\/\/highway413.ca\/fr\/wp-content\/uploads\/2024\/12\/AdobeStock_332992656-scaled.jpeg","type":"","width":"","height":""}],"twitter_card":"summary_large_image","twitter_misc":{"Estimation du temps de lecture":"4 minutes"},"schema":{"@context":"https:\/\/schema.org","@graph":[{"@type":"WebPage","@id":"https:\/\/highway413.ca\/fr\/ressources\/","url":"https:\/\/highway413.ca\/fr\/ressources\/","name":"Ressources - Autoroute\u202f413","isPartOf":{"@id":"https:\/\/highway413.ca\/fr\/#website"},"primaryImageOfPage":{"@id":"https:\/\/highway413.ca\/fr\/ressources\/#primaryimage"},"image":{"@id":"https:\/\/highway413.ca\/fr\/ressources\/#primaryimage"},"thumbnailUrl":"https:\/\/highway413.ca\/fr\/wp-content\/uploads\/2024\/12\/AdobeStock_332992656-scaled.jpeg","datePublished":"2025-12-18T20:55:05+00:00","dateModified":"2026-03-04T16:37:28+00:00","description":"D\u00e9couvrez les avantages du projet de l'autoroute 413, y compris l'am\u00e9lioration des transports, la croissance \u00e9conomique et les r\u00e9ductions de congestion.","breadcrumb":{"@id":"https:\/\/highway413.ca\/fr\/ressources\/#breadcrumb"},"inLanguage":"fr-CA","potentialAction":[{"@type":"ReadAction","target":["https:\/\/highway413.ca\/fr\/ressources\/"]}]},{"@type":"ImageObject","inLanguage":"fr-CA","@id":"https:\/\/highway413.ca\/fr\/ressources\/#primaryimage","url":"https:\/\/highway413.ca\/fr\/wp-content\/uploads\/2024\/12\/AdobeStock_332992656-scaled.jpeg","contentUrl":"https:\/\/highway413.ca\/fr\/wp-content\/uploads\/2024\/12\/AdobeStock_332992656-scaled.jpeg","width":2560,"height":1595,"caption":"Une personne en costume et cravate bleue utilise son index pour arr\u00eater une rang\u00e9e de dominos en bois en train de tomber. Le domino touch\u00e9 est mis en \u00e9vidence en jaune pour souligner l\u2019action."},{"@type":"BreadcrumbList","@id":"https:\/\/highway413.ca\/fr\/ressources\/#breadcrumb","itemListElement":[{"@type":"ListItem","position":1,"name":"Home","item":"https:\/\/highway413.ca\/fr\/"},{"@type":"ListItem","position":2,"name":"Ressources"}]},{"@type":"WebSite","@id":"https:\/\/highway413.ca\/fr\/#website","url":"https:\/\/highway413.ca\/fr\/","name":"Highway 413","description":"","publisher":{"@id":"https:\/\/highway413.ca\/fr\/#organization"},"potentialAction":[{"@type":"SearchAction","target":{"@type":"EntryPoint","urlTemplate":"https:\/\/highway413.ca\/fr\/?s={search_term_string}"},"query-input":{"@type":"PropertyValueSpecification","valueRequired":true,"valueName":"search_term_string"}}],"inLanguage":"fr-CA"},{"@type":"Organization","@id":"https:\/\/highway413.ca\/fr\/#organization","name":"Highway 413","url":"https:\/\/highway413.ca\/fr\/","logo":{"@type":"ImageObject","inLanguage":"fr-CA","@id":"https:\/\/highway413.ca\/fr\/#\/schema\/logo\/image\/","url":"https:\/\/highway413.ca\/fr\/wp-content\/uploads\/2024\/12\/cropped-413-fr-logo.png","contentUrl":"https:\/\/highway413.ca\/fr\/wp-content\/uploads\/2024\/12\/cropped-413-fr-logo.png","width":1276,"height":271,"caption":"Highway 413"},"image":{"@id":"https:\/\/highway413.ca\/fr\/#\/schema\/logo\/image\/"}}]}},"_links":{"self":[{"href":"https:\/\/highway413.ca\/fr\/wp-json\/wp\/v2\/pages\/5058","targetHints":{"allow":["GET"]}}],"collection":[{"href":"https:\/\/highway413.ca\/fr\/wp-json\/wp\/v2\/pages"}],"about":[{"href":"https:\/\/highway413.ca\/fr\/wp-json\/wp\/v2\/types\/page"}],"author":[{"embeddable":true,"href":"https:\/\/highway413.ca\/fr\/wp-json\/wp\/v2\/users\/14"}],"replies":[{"embeddable":true,"href":"https:\/\/highway413.ca\/fr\/wp-json\/wp\/v2\/comments?post=5058"}],"version-history":[{"count":12,"href":"https:\/\/highway413.ca\/fr\/wp-json\/wp\/v2\/pages\/5058\/revisions"}],"predecessor-version":[{"id":5096,"href":"https:\/\/highway413.ca\/fr\/wp-json\/wp\/v2\/pages\/5058\/revisions\/5096"}],"wp:attachment":[{"href":"https:\/\/highway413.ca\/fr\/wp-json\/wp\/v2\/media?parent=5058"}],"wp:term":[{"taxonomy":"folder","embeddable":true,"href":"https:\/\/highway413.ca\/fr\/wp-json\/wp\/v2\/folder?post=5058"}],"curies":[{"name":"wp","href":"https:\/\/api.w.org\/{rel}","templated":true}]}}